{"id":9087,"date":"2021-09-30T16:20:15","date_gmt":"2021-09-30T14:20:15","guid":{"rendered":"https:\/\/iesplazadelacruz.educacion.navarra.es\/web1\/?page_id=9087"},"modified":"2021-09-30T20:11:56","modified_gmt":"2021-09-30T18:11:56","slug":"chromebooks","status":"publish","type":"page","link":"https:\/\/iesplazadelacruz.educacion.navarra.es\/web1\/chromebooks\/","title":{"rendered":"Chromebooks"},"content":{"rendered":"\n<p>El Departamento de Educaci\u00f3n pone a disposici\u00f3n del alumnado del IES Plaza de la Cruz un Chromebook en modo de pr\u00e9stamo. En el siguiente enlace se puede acceder a las instrucciones y precauciones a tener en cuenta para su uso.<\/p>\n\n\n\n<p class=\"has-text-align-center\"><strong>\u00ab<a href=\"https:\/\/drive.google.com\/file\/d\/1ZHt1HB87dgJ4O2ykJt87mnIdHOSc0505\/view?usp=sharing\" target=\"_blank\" rel=\"noreferrer noopener\">Instrucciones de pr\u00e9stamo de dispositivos a los centros educativos de la red p\u00fablica<\/a>\u00ab<\/strong><\/p>\n\n\n\n<p class=\"has-text-align-left\"><br>Tras leer las instrucciones, desde el Instituto se requiere a las familias la firma de un documento que se puede descargar en el siguiente enlace:<\/p>\n\n\n\n<p class=\"has-text-align-center\"><a rel=\"noreferrer noopener\" href=\"https:\/\/drive.google.com\/file\/d\/1nHFCshwBynx1YCsHApIB-w7bTljZ1tzg\/view?usp=sharing\" target=\"_blank\"><strong>Aceptaci\u00f3n de las instrucciones de uso del chromebook<\/strong><\/a><\/p>\n\n\n\n<p>Una vez descargado, rellenado y firmado, el alumno o alumna lo entregar\u00e1 a su Tutor\/a en el Instituto.<\/p>\n","protected":false},"excerpt":{"rendered":"<p>El Departamento de Educaci\u00f3n pone a disposici\u00f3n del alumnado del IES Plaza de la Cruz un Chromebook en modo de pr\u00e9stamo. En el siguiente enlace se puede acceder a las instrucciones y precauciones a tener en cuenta para su uso. \u00abInstrucciones de pr\u00e9stamo de dispositivos a los centros educativos de la red p\u00fablica\u00ab Tras leer [&hellip;]<\/p>\n","protected":false},"author":5,"featured_media":0,"parent":0,"menu_order":0,"comment_status":"closed","ping_status":"closed","template":"","meta":{"_genesis_hide_title":false,"_genesis_hide_breadcrumbs":false,"_genesis_hide_singular_image":false,"_genesis_hide_footer_widgets":false,"_genesis_custom_body_class":"","_genesis_custom_post_class":"","_genesis_layout":"","footnotes":""},"class_list":{"0":"post-9087","1":"page","2":"type-page","3":"status-publish","5":"entry"},"featured_image_src":null,"featured_image_src_square":null,"_links":{"self":[{"href":"https:\/\/iesplazadelacruz.educacion.navarra.es\/web1\/wp-json\/wp\/v2\/pages\/9087","targetHints":{"allow":["GET"]}}],"collection":[{"href":"https:\/\/iesplazadelacruz.educacion.navarra.es\/web1\/wp-json\/wp\/v2\/pages"}],"about":[{"href":"https:\/\/iesplazadelacruz.educacion.navarra.es\/web1\/wp-json\/wp\/v2\/types\/page"}],"author":[{"embeddable":true,"href":"https:\/\/iesplazadelacruz.educacion.navarra.es\/web1\/wp-json\/wp\/v2\/users\/5"}],"replies":[{"embeddable":true,"href":"https:\/\/iesplazadelacruz.educacion.navarra.es\/web1\/wp-json\/wp\/v2\/comments?post=9087"}],"version-history":[{"count":3,"href":"https:\/\/iesplazadelacruz.educacion.navarra.es\/web1\/wp-json\/wp\/v2\/pages\/9087\/revisions"}],"predecessor-version":[{"id":9093,"href":"https:\/\/iesplazadelacruz.educacion.navarra.es\/web1\/wp-json\/wp\/v2\/pages\/9087\/revisions\/9093"}],"wp:attachment":[{"href":"https:\/\/iesplazadelacruz.educacion.navarra.es\/web1\/wp-json\/wp\/v2\/media?parent=9087"}],"curies":[{"name":"wp","href":"https:\/\/api.w.org\/{rel}","templated":true}]}}