{"id":774,"date":"2016-08-27T10:35:28","date_gmt":"2016-08-27T08:35:28","guid":{"rendered":"http:\/\/iesplazadelacruz.educacion.navarra.es\/web1\/?page_id=774"},"modified":"2025-11-12T11:27:00","modified_gmt":"2025-11-12T10:27:00","slug":"instituto","status":"publish","type":"page","link":"https:\/\/iesplazadelacruz.educacion.navarra.es\/web1\/instituto\/","title":{"rendered":"El Instituto"},"content":{"rendered":"<h1 style=\"text-align: center;\">\u00a0<\/h1>\n<p>El Instituto <em>Plaza de la Cruz<\/em> es un Centro p\u00fablico de Ense\u00f1anza Secundaria dependiente del <em>Departamento de Educaci\u00f3n<\/em> del <em>Gobierno de Navarra<\/em>, ubicado en el <em>II Ensanche<\/em> de Pamplona. Est\u00e1n adscritos al Instituto, cuatro Centros de Primaria de la zona: <em>V\u00e1zquez de Mella<\/em>, <em>San Francisco<\/em>, <em>V\u00edctor Pradera<\/em> y <em>San Pedro<\/em> de Mutilva, con los que forma una unidad educativa, as\u00ed como al Instituto de Ense\u00f1anza Secundaria Obligatoria\u00a0<em>Elortzibar<\/em> de Noain.<\/p>\n<p><img loading=\"lazy\" decoding=\"async\" class=\"alignnone size-full wp-image-1373 aligncenter\" src=\"http:\/\/iesplazadelacruz.educacion.navarra.es\/web1\/wp-content\/uploads\/2016\/08\/edificiopcruz.jpg\" alt=\"edificiopcruz\" width=\"400\" height=\"253\" srcset=\"https:\/\/iesplazadelacruz.educacion.navarra.es\/web1\/wp-content\/uploads\/2016\/08\/edificiopcruz.jpg 400w, https:\/\/iesplazadelacruz.educacion.navarra.es\/web1\/wp-content\/uploads\/2016\/08\/edificiopcruz-300x190.jpg 300w\" sizes=\"auto, (max-width: 400px) 100vw, 400px\" \/><\/p>\n<h1 style=\"text-align: center;\">\u00a0<\/h1>\n<p>La historia de nuestro centro, decano de la ense\u00f1anza secundaria de Navarra, est\u00e1 recogida en el libro <em>Pamplona 1845-1995. 150 aniversario del Instituto Xim\u00e9nez de Rada, actual Instituto de Educaci\u00f3n Secundaria Plaza de la Cruz<\/em>, publicado en 1995.<br \/>En el curso 1995-96, con la implantaci\u00f3n de la LOGSE, tiene lugar la fusi\u00f3n de los dos Institutos, que adoptan el nombre actual de IES <em>Plaza de la Cruz<\/em>, y la celebraci\u00f3n del 150 aniversario. El\u00a0 Instituto se crea el 17 de noviembre de 1845. A lo largo de sus m\u00e1s de 150 a\u00f1os de antig\u00fcedad ha cambiado en varias ocasiones de denominaci\u00f3n, de ubicaci\u00f3n (<em>Casa del Arcediano<\/em>, actual sede del INAP) y de Planes de Estudio. En 1939, la separaci\u00f3n de sexos conlleva la divisi\u00f3n del Instituto en dos centros: Instituto <em>Xim\u00e9nez de Rada<\/em>, masculino, e Instituto <em>Pr\u00edncipe de Viana<\/em>, femenino, que ocupan desde 1944 su actual emplazamiento. En 1971 se implantan los estudios de r\u00e9gimen nocturno y desde 1984 ambos, centros vuelven a ser mixtos.<\/p>\n<h1 style=\"text-align: center;\">CONFIGURACI\u00d3N ACTUAL<\/h1>\n<p>En la actualidad el Instituto imparte ense\u00f1anzas de ESO y Bachillerato en dos reg\u00edmenes, diurno y nocturno, y en dos modelos ling\u00fc\u00edsticos, modelo G (en castellano) y modelo A (en castellano con euskera como asignatura). Tambi\u00e9n se ofertan el modelo A y G con asignaturas en ingl\u00e9s, alem\u00e1n y franc\u00e9s.<\/p>\n<p>En el curso 2025 &#8211; 2026, la plantilla del centro cuenta con un total de 140 profesores y profesoras y 8 personas de administraci\u00f3n y servicios. El n\u00famero de alumnos es de 1145, distribuidos en 43 grupos de diurno y 3 de nocturno.<\/p>\n<ul>\n<li style=\"font-weight: 400;\" aria-level=\"1\"><span style=\"font-weight: 400;\">7 grupos de 1\u00ba ESO<\/span><\/li>\n<li style=\"font-weight: 400;\" aria-level=\"1\"><span style=\"font-weight: 400;\">7 grupos de 2\u00ba ESO\u00a0<\/span><\/li>\n<li style=\"font-weight: 400;\" aria-level=\"1\"><span style=\"font-weight: 400;\">8 grupos de 3\u00ba ESO (uno de Diversificaci\u00f3n curricular)<\/span><\/li>\n<li style=\"font-weight: 400;\" aria-level=\"1\"><span style=\"font-weight: 400;\">7 grupos de 4\u00ba ESO (uno de Diversificaci\u00f3n curricular)<\/span><\/li>\n<li style=\"font-weight: 400;\" aria-level=\"1\"><span style=\"font-weight: 400;\">7 grupos de 1\u00ba de Bachillerato diurno<\/span><\/li>\n<li style=\"font-weight: 400;\" aria-level=\"1\"><span style=\"font-weight: 400;\">7 grupos de 2\u00ba de Bachillerato diurno<\/span><\/li>\n<li style=\"font-weight: 400;\" aria-level=\"1\"><span style=\"font-weight: 400;\">1 grupos de 1\u00ba de Bachillerato nocturno<\/span><\/li>\n<li style=\"font-weight: 400;\" aria-level=\"1\"><span style=\"font-weight: 400;\">2 grupos de 2\u00ba de Bachillerato nocturno<\/span><\/li>\n<li style=\"font-weight: 400;\" aria-level=\"1\"><span style=\"font-weight: 400;\">UCE de alumnado con discapacidad auditiva\u00a0<\/span><\/li>\n<li style=\"font-weight: 400;\" aria-level=\"1\"><span style=\"font-weight: 400;\">UCE de alumnado con discapacidad ps\u00edquica\u00a0<\/span><\/li>\n<\/ul>\n<p>En el curso 2025-2026, el Instituto ha implantado de nuevo, como se viene haciendo desde el curso 2001 el proyecto <em>\u00c1gora Universitaria<\/em>, una oferta de cursos de formaci\u00f3n no reglada para adultos con car\u00e1cter cuatrimestral y anual, mediante sistema de cr\u00e9ditos. En este a\u00f1o acad\u00e9mico se imparten 8 cursos monogr\u00e1ficos.<\/p>\n<p>El IES <em>Plaza de la Cruz<\/em> est\u00e1 integrado en una red de Institutos, que trabajan conjuntamente en la implantaci\u00f3n de un sistema de gesti\u00f3n basado en los modelos ISO 9001: 2000 y EFQM. En el curso 2002-2003, el Instituto obtuvo el <em>Diploma de Compromiso<\/em> en el <em>Premio Navarro a la Excelencia 2002<\/em>, convocado por la <em>Fundaci\u00f3n Navarra para la Calidad<\/em>. En\u00a0el a\u00f1o 2004 obtuvo la acreditaci\u00f3n <em>ISO 9001: 2000<\/em> a la calidad en la gesti\u00f3n y en el curso 2015-2016 obtiene el reconocimiento de <em>Centro Excelente<\/em> del SGCC seg\u00fan norma SGCC 2013 y en el curso 2020-2021 y 2024-2025 obtiene la recertificaci\u00f3n de <em>Centro Excelente.\u00a0<\/em><\/p>\n\n\n<p><\/p>\n","protected":false},"excerpt":{"rendered":"<p>\u00a0 El Instituto Plaza de la Cruz es un Centro p\u00fablico de Ense\u00f1anza Secundaria dependiente del Departamento de Educaci\u00f3n del Gobierno de Navarra, ubicado en el II Ensanche de Pamplona. Est\u00e1n adscritos al Instituto, cuatro Centros de Primaria de la zona: V\u00e1zquez de Mella, San Francisco, V\u00edctor Pradera y San Pedro de Mutilva, con los [&hellip;]<\/p>\n","protected":false},"author":1,"featured_media":0,"parent":0,"menu_order":0,"comment_status":"closed","ping_status":"closed","template":"","meta":{"_genesis_hide_title":false,"_genesis_hide_breadcrumbs":false,"_genesis_hide_singular_image":false,"_genesis_hide_footer_widgets":false,"_genesis_custom_body_class":"","_genesis_custom_post_class":"","_genesis_layout":"","footnotes":""},"class_list":{"0":"post-774","1":"page","2":"type-page","3":"status-publish","5":"entry","6":"has-post-thumbnail"},"featured_image_src":null,"featured_image_src_square":null,"_links":{"self":[{"href":"https:\/\/iesplazadelacruz.educacion.navarra.es\/web1\/wp-json\/wp\/v2\/pages\/774","targetHints":{"allow":["GET"]}}],"collection":[{"href":"https:\/\/iesplazadelacruz.educacion.navarra.es\/web1\/wp-json\/wp\/v2\/pages"}],"about":[{"href":"https:\/\/iesplazadelacruz.educacion.navarra.es\/web1\/wp-json\/wp\/v2\/types\/page"}],"author":[{"embeddable":true,"href":"https:\/\/iesplazadelacruz.educacion.navarra.es\/web1\/wp-json\/wp\/v2\/users\/1"}],"replies":[{"embeddable":true,"href":"https:\/\/iesplazadelacruz.educacion.navarra.es\/web1\/wp-json\/wp\/v2\/comments?post=774"}],"version-history":[{"count":13,"href":"https:\/\/iesplazadelacruz.educacion.navarra.es\/web1\/wp-json\/wp\/v2\/pages\/774\/revisions"}],"predecessor-version":[{"id":15661,"href":"https:\/\/iesplazadelacruz.educacion.navarra.es\/web1\/wp-json\/wp\/v2\/pages\/774\/revisions\/15661"}],"wp:attachment":[{"href":"https:\/\/iesplazadelacruz.educacion.navarra.es\/web1\/wp-json\/wp\/v2\/media?parent=774"}],"curies":[{"name":"wp","href":"https:\/\/api.w.org\/{rel}","templated":true}]}}