{"id":4462,"date":"2019-02-15T13:47:55","date_gmt":"2019-02-15T12:47:55","guid":{"rendered":"https:\/\/iesplazadelacruz.educacion.navarra.es\/web1\/?page_id=4462"},"modified":"2023-08-30T13:18:59","modified_gmt":"2023-08-30T11:18:59","slug":"que-ofrecemos","status":"publish","type":"page","link":"https:\/\/iesplazadelacruz.educacion.navarra.es\/web1\/que-ofrecemos\/","title":{"rendered":"\u00bfQu\u00e9 ofrecemos?"},"content":{"rendered":"\n<h3 class=\"wp-block-heading\"><strong>El Centro:<\/strong><\/h3>\n\n\n\n<ul class=\"wp-block-list\"><li>Reconocimiento de Centro Excelente<\/li><li>Certificaci\u00f3n de Centro Etwinning<\/li><li>Centro perteneciente a la Red de Escuelas Promotoras de Salud<\/li><li>Trabajando con la Red de Escuelas Solidarias<\/li><li>Jornada de Aprendizaje a la Carta: los alumnos son los ponentes<\/li><li>D\u00eda de las profesiones: las familias son los ponentes<\/li><li>En el a\u00f1o 2020 celebramos el 175 aniversario<\/li><li>Escuela Embajadora del Parlamento Europeo<\/li><li>Programa Erasmus+<\/li><\/ul>\n\n\n\n<h3 class=\"wp-block-heading\"><strong>Instalaciones:<\/strong><\/h3>\n\n\n\n<ul class=\"wp-block-list\"><li>Aulas con proyector y pantallas interactivas<\/li><li>Sal\u00f3n de actos<\/li><li>Biblioteca<\/li><li>Gimnasio<\/li><li>Roc\u00f3dromo<\/li><li>Barras calistenia<\/li><li>Cinco aulas de inform\u00e1tica<\/li><li>Tres aulas de m\u00fasica<\/li><li>Tres laboratorios<\/li><li>Aula de audiovisuales<\/li><li>Cocina<\/li><li>Museo<\/li><li>Archivo de Patrimonio Hist\u00f3rico<\/li><\/ul>\n\n\n\n<h3 class=\"wp-block-heading\"><strong>Recursos did\u00e1cticos:<\/strong><\/h3>\n\n\n\n<ul class=\"wp-block-list\"><li>Biblioteca tutorizada para apoyo al estudio, preparaci\u00f3n de ex\u00e1menes de Eoidna y aprendizaje del castellano para la ESO impartida por alumnado voluntario de Bachillerato.<\/li><li>Voluntariado participante en los Grupos Interactivos <\/li><li>Formaci\u00f3n en Actuaciones Educativas de \u00c9xito: grupos interactivos, biblioteca tutorizada y lecturas dial\u00f3gicas <\/li><li>Responsable de Transformaci\u00f3n Digital Educativa<\/li><li>Orientaci\u00f3n de estudios por exalumnos<\/li><\/ul>\n\n\n\n<h3 class=\"wp-block-heading\"><strong>Optativas dise\u00f1adas por el Centro:<\/strong><\/h3>\n\n\n\n<ul class=\"wp-block-list\"><li>1\u00ba ESO: Proyectos en equipo I y English Time I<\/li><li>2\u00ba ESO: Proyectos en equipo II y English Time II<\/li><li>3\u00ba ESO: Taller de Tecnolog\u00eda<\/li><li>4\u00ba ESO: T\u00e9cnicas de laboratorio de F\u00edsica y Qu\u00edmica y Cine y Literatura <\/li><li>1\u00ba BTO: Pensamiento Cr\u00edtico y Creativo, Iniciaci\u00f3n a la Cultura y la Lengua Alemanas I, M\u00fasica, Teatro y Danza<\/li><li>2\u00ba BTO: Iniciaci\u00f3n a la Cultura y la Lengua Alemanas II, Guion audiovisual y Educaci\u00f3n f\u00edsica y salud<\/li><\/ul>\n\n\n\n<h3 class=\"wp-block-heading\"><strong>Idiomas:<\/strong><\/h3>\n\n\n\n<ul class=\"wp-block-list\"><li>Secci\u00f3n biling\u00fce en ingl\u00e9s hasta 1\u00ba de BTO<\/li><li>Secundaria pluriling\u00fce en ingl\u00e9s desde 1\u00baESO<\/li><li>Secci\u00f3n biling\u00fce en franc\u00e9s y alem\u00e1n hasta 4\u00baESO<\/li><li>Secundaria pluriling\u00fce en alem\u00e1n desde 1\u00baESO<\/li><li>Intercambio con Francia<\/li><li>Intercambio con Alemania<\/li><li>Intercambio con Pa\u00edses Bajos<\/li><li>Semana de inmersi\u00f3n ling\u00fc\u00edstica en ingl\u00e9s con el alumnado de 2\u00baESO<\/li><li>Inmersi\u00f3n ling\u00fc\u00edstica en euskera con el alumnado de 1\u00ba y 2\u00baESO<\/li><li>Preparaci\u00f3n para las pruebas y ex\u00e1menes de EOIDNA y DELF de ingl\u00e9s, franc\u00e9s, alem\u00e1n y euskera<\/li><li>Concurso de Debate en Ingl\u00e9s<\/li><\/ul>\n\n\n\n<h3 class=\"wp-block-heading\"><strong>Bachilleratos:<\/strong><\/h3>\n\n\n\n<ul class=\"wp-block-list\"><li>Ciencias e ingenier\u00eda<\/li><li>Ciencias de la Salud<\/li><li>Humanidades<\/li><li>Ciencias Sociales<\/li><li>Artes esc\u00e9nicas, m\u00fasica y danza<\/li><li>Programa Bachillerato de Investigaci\u00f3n desde todas las modalidades<\/li><li>Bachillerato de Adultos (nocturno)<\/li><\/ul>\n\n\n\n<h3 class=\"wp-block-heading\"><strong>Educaci\u00f3n en valores:<\/strong><\/h3>\n\n\n\n<ul class=\"wp-block-list\"><li>D\u00eda contra la violencia contra las mujeres<\/li><li>Respeto y cuidado del medio ambiente<\/li><li>Prevenci\u00f3n de drogodependencias y violencia de g\u00e9nero<\/li><li>Taller \u00abCon las emociones no se juega\u00bb<\/li><li>Prevenci\u00f3n de adicciones<\/li><li>Apuestas en internet. Redes sociales. Riesgos y consecuencias<\/li><li>Visita al Centro de Residuos de G\u00f3ngora<\/li><li>Taller \u00abEn lo que dura un parpadeo\u00bb<\/li><li>Teatro sobre el final de la vida<\/li><li>Taller de desayuno saludable<\/li><li>Charla sobre el tabaquismo<\/li><li>Asertividad y bienestar emocional<\/li><li>Gestionando emociones<\/li><li>Taller de coeducaci\u00f3n<\/li><li>Taller de educaci\u00f3n afectivo-sexual<\/li><li>Actividades deportivas en el recreo<\/li><li>Equipo de mediaci\u00f3n<\/li><li>Formaci\u00f3n del alumnado ayudante de convivencia<\/li><li>Primeros auxilios y RCP<\/li><\/ul>\n\n\n\n<h3 class=\"wp-block-heading\">Actividades extraescolares organizadas por <a href=\"https:\/\/www.cdciudadela.es\/\">ADC Ciudadela <\/a>\/ Apyma<\/h3>\n\n\n\n<ul class=\"wp-block-list\"><li>Ajedrez<\/li><li>Bailes urbanos<\/li><li>Crochet<\/li><li>Fotograf\u00eda<\/li><li>Idioma y cultura china<\/li><li>Iniciaci\u00f3n atletismo<\/li><li>Iniciaci\u00f3n gimnasia r\u00edtmica<\/li><li>Judo<\/li><li>Piano<\/li><li>Ping-pong<\/li><li>Pl\u00e1stica<\/li><li>Radio y televisi\u00f3n<\/li><li>Rob\u00f3tica<\/li><li>Taller de iniciaci\u00f3n al teatro<\/li><li><a rel=\"noreferrer noopener\" href=\"http:\/\/www.tallerdeteatroplazadelacruz.com\/\" target=\"_blank\">Taller de Teatro<\/a> (desde 1980)<\/li><li>Tecnificaci\u00f3n baloncesto<\/li><li>Tecnificaci\u00f3n f\u00fatbol sala<\/li><li>Voleybol<\/li><\/ul>\n\n\n\n<h3 class=\"wp-block-heading\"><strong>Salidas culturales:<\/strong><\/h3>\n\n\n\n<ul class=\"wp-block-list\"><li>1\u00ba ESO: Sendaviva, Berbinzana y Artajona<\/li><li>2\u00ba ESO: Parque Polo, Zaragoza, Rutas Cient\u00edficas, Art\u00edsticas y Literarias, Teatro en franc\u00e9s<\/li><li>3\u00ba ESO: San Sebasti\u00e1n, Francia<\/li><li>4\u00ba ESO: Visita al museo Guggenheim de Bilbao, Ruta de Machado por Soria, Museo de la Ciencia en San Sebasti\u00e1n<\/li><li>1\u00ba BTO: Museo Oteiza, Leyre y Sang\u00fcesa, San Mill\u00e1n de la Cogolla<\/li><li>2\u00ba BTO: Museo Artium de Vitoria, Museo Balenciaga, Visita a las Universidades y centros de FP<\/li><\/ul>\n\n\n\n<h3 class=\"wp-block-heading\"><strong>Estancias:<\/strong><\/h3>\n\n\n\n<ul class=\"wp-block-list\"><li>1\u00ba ESO &#8211; Semana azul (vela)<\/li><li>2\u00ba ESO &#8211; Semana blanca (esqu\u00ed)<\/li><li>3\u00ba ESO &#8211; Semana verde (actividades en la naturaleza)<\/li><li>4\u00ba ESO &#8211; Viaje a Barcelona (Sagrada Familia, Aquarium) y al parque de atracciones Port Aventura<\/li><li>1\u00ba BTO &#8211; Viaje de estudios a Italia<\/li><\/ul>\n\n\n\n<h3 class=\"wp-block-heading\"><strong>Eventos:<\/strong><\/h3>\n\n\n\n<ul class=\"wp-block-list\"><li>Festival de Navidad<\/li><li>Performance de los alumnos de Artes Esc\u00e9nicas<\/li><li>Proyecci\u00f3n de cortometrajes del alumnado de Gui\u00f3n Audiovisual<\/li><li>Representaciones del Taller de Teatro<\/li><li>Despedida de los alumnos de cuarto de ESO<\/li><li>Graduaci\u00f3n del alumnado de segundo de Bachillerato<\/li><\/ul>\n","protected":false},"excerpt":{"rendered":"<p>El Centro: Reconocimiento de Centro Excelente Certificaci\u00f3n de Centro Etwinning Centro perteneciente a la Red de Escuelas Promotoras de Salud Trabajando con la Red de Escuelas Solidarias Jornada de Aprendizaje a la Carta: los alumnos son los ponentes D\u00eda de las profesiones: las familias son los ponentes En el a\u00f1o 2020 celebramos el 175 aniversario [&hellip;]<\/p>\n","protected":false},"author":1,"featured_media":0,"parent":0,"menu_order":0,"comment_status":"closed","ping_status":"closed","template":"","meta":{"_genesis_hide_title":false,"_genesis_hide_breadcrumbs":false,"_genesis_hide_singular_image":false,"_genesis_hide_footer_widgets":false,"_genesis_custom_body_class":"","_genesis_custom_post_class":"","_genesis_layout":"","footnotes":""},"class_list":{"0":"post-4462","1":"page","2":"type-page","3":"status-publish","5":"entry"},"featured_image_src":null,"featured_image_src_square":null,"_links":{"self":[{"href":"https:\/\/iesplazadelacruz.educacion.navarra.es\/web1\/wp-json\/wp\/v2\/pages\/4462","targetHints":{"allow":["GET"]}}],"collection":[{"href":"https:\/\/iesplazadelacruz.educacion.navarra.es\/web1\/wp-json\/wp\/v2\/pages"}],"about":[{"href":"https:\/\/iesplazadelacruz.educacion.navarra.es\/web1\/wp-json\/wp\/v2\/types\/page"}],"author":[{"embeddable":true,"href":"https:\/\/iesplazadelacruz.educacion.navarra.es\/web1\/wp-json\/wp\/v2\/users\/1"}],"replies":[{"embeddable":true,"href":"https:\/\/iesplazadelacruz.educacion.navarra.es\/web1\/wp-json\/wp\/v2\/comments?post=4462"}],"version-history":[{"count":22,"href":"https:\/\/iesplazadelacruz.educacion.navarra.es\/web1\/wp-json\/wp\/v2\/pages\/4462\/revisions"}],"predecessor-version":[{"id":13371,"href":"https:\/\/iesplazadelacruz.educacion.navarra.es\/web1\/wp-json\/wp\/v2\/pages\/4462\/revisions\/13371"}],"wp:attachment":[{"href":"https:\/\/iesplazadelacruz.educacion.navarra.es\/web1\/wp-json\/wp\/v2\/media?parent=4462"}],"curies":[{"name":"wp","href":"https:\/\/api.w.org\/{rel}","templated":true}]}}