{"id":3934,"date":"2018-10-30T12:58:18","date_gmt":"2018-10-30T11:58:18","guid":{"rendered":"https:\/\/iesplazadelacruz.educacion.navarra.es\/web1\/?page_id=3934"},"modified":"2026-03-23T16:09:37","modified_gmt":"2026-03-23T15:09:37","slug":"semana-azul","status":"publish","type":"page","link":"https:\/\/iesplazadelacruz.educacion.navarra.es\/web1\/semana-azul\/","title":{"rendered":"Campus Neptuno 2025-26"},"content":{"rendered":"\n<ul class=\"wp-block-list\">\n<li><a href=\"https:\/\/docs.google.com\/document\/d\/1iRKrIKLXliXNz4fnc2SLLVr0ulfKXyx3hjP8taYSzfw\/edit?usp=sharing\">Inscripci\u00f3n<\/a><\/li>\n\n\n\n<li>Fecha de participaci\u00f3n: del 27 al 29 de abril.<\/li>\n\n\n\n<li><a href=\"https:\/\/acrobat.adobe.com\/id\/urn:aaid:sc:EU:fdf8e061-5aa7-44cd-8c12-ddec057c4067\">Programaci\u00f3n 3 d\u00edas<\/a>.<\/li>\n\n\n\n<li><a href=\"https:\/\/drive.google.com\/file\/d\/17-ODpNrm7eg2HULyD5RSb7mHgEm4_NVk\/view?usp=sharing\">Listado<\/a> para llevar.<\/li>\n\n\n\n<li><strong>No<\/strong> est\u00e1 permitido el uso de tel\u00e9fonos <strong>m\u00f3viles<\/strong> ni de ning\u00fan otro aparato electr\u00f3nico.<\/li>\n\n\n\n<li>Para que no haya diferencias entre el alumnado participante se recomienda que como <strong>m\u00e1ximo <\/strong>traigan <strong>5\u20ac<\/strong> para su uso y gasto personal.<\/li>\n\n\n\n<li>El r\u00e9gimen de manutenci\u00f3n comienza en la comida del primer d\u00eda as\u00ed que necesitar\u00e1n llevar almuerzo para el primer d\u00eda.<\/li>\n\n\n\n<li><a href=\"https:\/\/drive.google.com\/file\/d\/1OSSfaGxSxKuL9eiBU8l2DO8ip-CYjKJR\/view?usp=sharing\">Presentaci\u00f3n<\/a>.<\/li>\n\n\n\n<li><a href=\"https:\/\/acrobat.adobe.com\/id\/urn:aaid:sc:EU:8980bea6-19be-455e-aa77-030594bd2e34\">Reglamento de convivencia<\/a>.<\/li>\n\n\n\n<li>Profesorado acompa\u00f1ante: Nieves Mart\u00ednez, Gema Ancho, Paula Azcona, Mari Ros\u00faa y Julen S\u00e1nchez.<\/li>\n<\/ul>\n\n\n<p><span style=\"color: #008000;\">Antes de imprimir esta informaci\u00f3n piense bien si es necesario hacerlo. El medioambiente es cosa de todos y todas.<\/span><\/p>\n\n\n<p><\/p>\n","protected":false},"excerpt":{"rendered":"<p>Antes de imprimir esta informaci\u00f3n piense bien si es necesario hacerlo. El medioambiente es cosa de todos y todas.<\/p>\n","protected":false},"author":1,"featured_media":0,"parent":0,"menu_order":0,"comment_status":"closed","ping_status":"closed","template":"","meta":{"_genesis_hide_title":false,"_genesis_hide_breadcrumbs":false,"_genesis_hide_singular_image":false,"_genesis_hide_footer_widgets":false,"_genesis_custom_body_class":"","_genesis_custom_post_class":"","_genesis_layout":"","footnotes":""},"class_list":{"0":"post-3934","1":"page","2":"type-page","3":"status-publish","5":"entry"},"featured_image_src":null,"featured_image_src_square":null,"_links":{"self":[{"href":"https:\/\/iesplazadelacruz.educacion.navarra.es\/web1\/wp-json\/wp\/v2\/pages\/3934","targetHints":{"allow":["GET"]}}],"collection":[{"href":"https:\/\/iesplazadelacruz.educacion.navarra.es\/web1\/wp-json\/wp\/v2\/pages"}],"about":[{"href":"https:\/\/iesplazadelacruz.educacion.navarra.es\/web1\/wp-json\/wp\/v2\/types\/page"}],"author":[{"embeddable":true,"href":"https:\/\/iesplazadelacruz.educacion.navarra.es\/web1\/wp-json\/wp\/v2\/users\/1"}],"replies":[{"embeddable":true,"href":"https:\/\/iesplazadelacruz.educacion.navarra.es\/web1\/wp-json\/wp\/v2\/comments?post=3934"}],"version-history":[{"count":43,"href":"https:\/\/iesplazadelacruz.educacion.navarra.es\/web1\/wp-json\/wp\/v2\/pages\/3934\/revisions"}],"predecessor-version":[{"id":16084,"href":"https:\/\/iesplazadelacruz.educacion.navarra.es\/web1\/wp-json\/wp\/v2\/pages\/3934\/revisions\/16084"}],"wp:attachment":[{"href":"https:\/\/iesplazadelacruz.educacion.navarra.es\/web1\/wp-json\/wp\/v2\/media?parent=3934"}],"curies":[{"name":"wp","href":"https:\/\/api.w.org\/{rel}","templated":true}]}}