{"id":3909,"date":"2018-10-22T14:20:09","date_gmt":"2018-10-22T12:20:09","guid":{"rendered":"https:\/\/iesplazadelacruz.educacion.navarra.es\/web1\/?page_id=3909"},"modified":"2026-03-01T22:23:22","modified_gmt":"2026-03-01T21:23:22","slug":"semana-verde-18-19","status":"publish","type":"page","link":"https:\/\/iesplazadelacruz.educacion.navarra.es\/web1\/semana-verde-18-19\/","title":{"rendered":"Semana Verde 25-26:"},"content":{"rendered":"\n<p><\/p>\n\n\n<ul>\n<li><a href=\"https:\/\/docs.google.com\/document\/d\/16Qz83UM6px-4iJm88XogJIbLufVnWqhe9ugm5yYVNPc\/edit?usp=sharing\">Informaci\u00f3n general<\/a><\/li>\n<li><a href=\"https:\/\/docs.google.com\/document\/d\/1TPr16wa6O7nbRgFTNQZe3y0I0r78lyfy\/edit?usp=sharing&amp;ouid=116849080207950482480&amp;rtpof=true&amp;sd=true\">Inscripci\u00f3n<\/a><\/li>\n<li><a href=\"https:\/\/docs.google.com\/document\/d\/1Wz7S68xegDwCvqrwvClB9_S1xyhKa8w8\/edit?usp=sharing&amp;ouid=116849080207950482480&amp;rtpof=true&amp;sd=true\">Certificado del padre, madre o tutor<\/a><\/li>\n<li><a href=\"https:\/\/drive.google.com\/file\/d\/1BKRWJpfj4bxKcm9-C0wgW5Z7qy2JiSSv\/view?usp=sharing\">Seguro coberturas.<\/a><\/li>\n<li>Fecha asignada: del 4 al 6 de marzo<\/li>\n<li>Salida d\u00eda 4 de marzo a las 8:00 am desde Avenida Galicia y vuelta el 6 de marzo saliendo de Narbarte a las 14:45 aprox.<\/li>\n<li>Alojamiento: Albergue Bertiz en Narbarte.<\/li>\n<li>Deber\u00e1n traer la comida del primer d\u00eda: se recomienda un bocadillo para el almuerzo y otro para la comida, agua y algo de fruta.<\/li>\n<li><a href=\"https:\/\/drive.google.com\/file\/d\/1gl1XiNZ5JqIxhvbh0WYLv5v3c75ZUdPN\/view?usp=sharing\">Reglamento de convivencia y normativa albergue.<\/a><\/li>\n<li>Se podr\u00e1 llevar el tel\u00e9fono m\u00f3vil y tendr\u00e1n un horario para poder usarlo y llamar a casa cuando el profesorado acompa\u00f1ante as\u00ed lo permita.<\/li>\n<li>\n<p>PROGRAMA<\/p>\n<p><b>GRUPO A (3\u00baESO B, C y D)<\/b><\/p>\n<table>\n<tbody>\n<tr>\n<td>\u00a0<\/td>\n<td>\n<p><b>MA\u00d1ANA\u00a0<\/b><\/p>\n<\/td>\n<td>\n<p><b>TARDE<\/b><\/p>\n<\/td>\n<\/tr>\n<tr>\n<td>\n<p><b>DIA 1\u00a0<\/b><\/p>\n<\/td>\n<td>\n<p><span style=\"font-weight: 400;\">09:15 horas: Llegada al <\/span><span style=\"font-weight: 400;\">ALBERGUE BERTIZ. <\/span><span style=\"font-weight: 400;\">SE RUEGA\u00a0 PUNTUALIDAD.\u00a0<\/span><\/p>\n<p><span style=\"font-weight: 400;\">Direcci\u00f3n: Albergue Bertiz, Casa Teller\u00eda s\/n, 31.793\u00a0 Narbarte (Navarra).\u00a0<\/span><\/p>\n<p><span style=\"font-weight: 400;\">ACTIVIDAD: GRAN V\u00cdA FERRATA\u00a0\u00a0<\/span><\/p>\n<p><span style=\"font-weight: 400;\">MATERIAL NECESARIO:\u00a0<\/span><\/p>\n<p><span style=\"font-weight: 400;\">Ropa y calzado c\u00f3modo, guantes y chubasquero (si\u00a0 llueve).\u00a0<\/span><\/p>\n<p><span style=\"font-weight: 400;\">EL GRUPO PASAR\u00c1 TODO EL D\u00cdA FUERA POR LO QUE\u00a0 HAY QUE LLEVAR A LAS ACTIVIDADES LA COMIDA,\u00a0 AGUA Y EL MATERIAL NECESARIO PARA REALIZAR LA\u00a0 ACTIVIDAD DE AGUA (Llevar puesto el ba\u00f1ador y en la\u00a0 mochila la toalla, las zapatillas con cuerdas para\u00a0 meterse en el r\u00edo y la muda para cambiarse)<\/span><span style=\"font-weight: 400;\">.<\/span><\/p>\n<\/td>\n<td>\n<p><span style=\"font-weight: 400;\">ACTIVIDAD: DESCENSO DE CA\u00d1ONES\u00a0<\/span><\/p>\n<p><span style=\"font-weight: 400;\">MATERIAL NECESARIO:\u00a0<\/span><\/p>\n<p><span style=\"font-weight: 400;\">Llevar puesto el ba\u00f1ador y en la mochila\u00a0 la toalla, las zapatillas con cuerdas para\u00a0 meterse en el r\u00edo y la muda para\u00a0 cambiarse<\/span><span style=\"font-weight: 400;\">.<\/span><\/p>\n<\/td>\n<\/tr>\n<tr>\n<td>\n<p><b>DIA 2\u00a0<\/b><\/p>\n<\/td>\n<td>\n<p><span style=\"font-weight: 400;\">ACTIVIDAD: PIRAGUA\u00a0<\/span><\/p>\n<p><span style=\"font-weight: 400;\">MATERIAL NECESARIO:\u00a0<\/span><\/p>\n<p><span style=\"font-weight: 400;\">Llevar puesto el ba\u00f1ador y en la mochila la toalla, las\u00a0 zapatillas con cuerdas para meterse en el r\u00edo y la\u00a0 muda para cambiarse<\/span><span style=\"font-weight: 400;\">.<\/span><\/p>\n<\/td>\n<td>\n<p><span style=\"font-weight: 400;\">ACTIVIDAD: CIRCUITO DE TIROLINAS\u00a0<\/span><\/p>\n<p><span style=\"font-weight: 400;\">MATERIAL NECESARIO: Ropa y calzado\u00a0 c\u00f3modo, guantes y chubasquero (si\u00a0 llueve).<\/span><\/p>\n<\/td>\n<\/tr>\n<tr>\n<td>\n<p><b>DIA 3\u00a0<\/b><\/p>\n<\/td>\n<td>\n<p><span style=\"font-weight: 400;\">ACTIVIDAD: BERTIZ AVENTURA PARK\u00a0<\/span><\/p>\n<p><span style=\"font-weight: 400;\">MATERIAL NECESARIO:\u00a0<\/span><\/p>\n<p><span style=\"font-weight: 400;\">Ropa y calzado c\u00f3modo, guantes y chubasquero (si\u00a0 llueve).\u00a0<\/span><\/p>\n<p><span style=\"font-weight: 400;\">EVALUACION-ENCUESTA DE LA CAMPA\u00d1A\u00a0<\/span><\/p>\n<p><span style=\"font-weight: 400;\">13:30 COMIDA\u00a0<\/span><\/p>\n<p><span style=\"font-weight: 400;\">14:30-14:45 REGRESO<\/span><\/p>\n<\/td>\n<td>\u00a0<\/td>\n<\/tr>\n<\/tbody>\n<\/table>\n<p><b>* LA ORGANIZACI\u00d3N SE RESERVA EL DERECHO DE MODIFICAR ESTE PROGRAMA POR MOTIVOS DE\u00a0 ORGANIZACI\u00d3N, CLIMATOLOG\u00cdA ADVERSA\u2026<\/b><\/p>\n<p><b>GRUPO B (3\u00baESO E, F, G y H)<\/b><\/p>\n<table>\n<tbody>\n<tr>\n<td>\u00a0<\/td>\n<td>\n<p><b>MA\u00d1ANA\u00a0<\/b><\/p>\n<\/td>\n<td>\n<p><b>TARDE<\/b><\/p>\n<\/td>\n<\/tr>\n<tr>\n<td>\n<p><b>DIA 1\u00a0<\/b><\/p>\n<\/td>\n<td>\n<p><span style=\"font-weight: 400;\">09:15 horas: Llegada al <\/span><span style=\"font-weight: 400;\">ALBERGUE BERTIZ. <\/span><span style=\"font-weight: 400;\">SE RUEGA\u00a0 PUNTUALIDAD.\u00a0<\/span><\/p>\n<p><span style=\"font-weight: 400;\">Direcci\u00f3n: Albergue Bertiz, Casa Teller\u00eda s\/n, 31.793\u00a0 Narbarte (Navarra).\u00a0<\/span><\/p>\n<p><span style=\"font-weight: 400;\">ACTIVIDAD: CIRCUITO DE TIROLINAS\u00a0<\/span><\/p>\n<p><span style=\"font-weight: 400;\">MATERIAL NECESARIO: Ropa y calzado c\u00f3modo,\u00a0 guantes y chubasquero (si llueve).\u00a0<\/span><\/p>\n<p><span style=\"font-weight: 400;\">EL GRUPO PASAR\u00c1 TODO EL D\u00cdA FUERA POR LO QUE\u00a0 HAY QUE LLEVAR A LAS ACTIVIDADES LA COMIDA,\u00a0 AGUA Y EL MATERIAL NECESARIO PARA REALIZAR LAS ACTIVIDADES.<\/span><\/p>\n<\/td>\n<td>\n<p><span style=\"font-weight: 400;\">ACTIVIDAD: GRAN V\u00cdA FERRATA\u00a0<\/span><\/p>\n<p><span style=\"font-weight: 400;\">MATERIAL NECESARIO:\u00a0<\/span><\/p>\n<p><span style=\"font-weight: 400;\">Ropa y calzado c\u00f3modo, guantes y\u00a0 chubasquero (si llueve).<\/span><\/p>\n<\/td>\n<\/tr>\n<tr>\n<td>\n<p><b>DIA 2\u00a0<\/b><\/p>\n<\/td>\n<td>\n<p><span style=\"font-weight: 400;\">ACTIVIDAD: DESCENSO DE CA\u00d1ONES\u00a0<\/span><\/p>\n<p><span style=\"font-weight: 400;\">MATERIAL NECESARIO:\u00a0<\/span><\/p>\n<p><span style=\"font-weight: 400;\">Llevar puesto el ba\u00f1ador y en la mochila la toalla, las\u00a0 zapatillas con cuerdas para meterse en el r\u00edo y la\u00a0 muda para cambiarse<\/span><span style=\"font-weight: 400;\">.<\/span><\/p>\n<\/td>\n<td>\n<p><span style=\"font-weight: 400;\">ACTIVIDAD: BERTIZ AVENTURA PARK\u00a0<\/span><\/p>\n<p><span style=\"font-weight: 400;\">MATERIAL NECESARIO:\u00a0<\/span><\/p>\n<p><span style=\"font-weight: 400;\">Ropa y calzado c\u00f3modo, guantes y\u00a0 chubasquero (si llueve).<\/span><\/p>\n<\/td>\n<\/tr>\n<tr>\n<td>\n<p><b>DIA 3\u00a0<\/b><\/p>\n<\/td>\n<td>\n<p><span style=\"font-weight: 400;\">ACTIVIDAD: PIRAGUA\u00a0<\/span><\/p>\n<p><span style=\"font-weight: 400;\">MATERIAL NECESARIO:\u00a0<\/span><\/p>\n<p><span style=\"font-weight: 400;\">Llevar puesto el ba\u00f1ador y en la mochila la toalla, las\u00a0 zapatillas con cuerdas para meterse en el r\u00edo y la\u00a0 muda para cambiarse<\/span><span style=\"font-weight: 400;\">.\u00a0<\/span><\/p>\n<p><span style=\"font-weight: 400;\">EVALUACION-ENCUESTA DE LA CAMPA\u00d1A\u00a0<\/span><\/p>\n<p><span style=\"font-weight: 400;\">13:30 COMIDA\u00a0<\/span><\/p>\n<p><span style=\"font-weight: 400;\">14:30-14:45 REGRESO<\/span><\/p>\n<\/td>\n<td>\u00a0<\/td>\n<\/tr>\n<\/tbody>\n<\/table>\n<\/li>\n<\/ul>\n\n\n<figure class=\"wp-block-image size-large\"><img loading=\"lazy\" decoding=\"async\" width=\"724\" height=\"1024\" src=\"https:\/\/iesplazadelacruz.educacion.navarra.es\/web1\/wp-content\/uploads\/2025\/11\/Semana-Verde_page-0001-724x1024.jpg\" alt=\"\" class=\"wp-image-15676\" srcset=\"https:\/\/iesplazadelacruz.educacion.navarra.es\/web1\/wp-content\/uploads\/2025\/11\/Semana-Verde_page-0001-724x1024.jpg 724w, https:\/\/iesplazadelacruz.educacion.navarra.es\/web1\/wp-content\/uploads\/2025\/11\/Semana-Verde_page-0001-212x300.jpg 212w, https:\/\/iesplazadelacruz.educacion.navarra.es\/web1\/wp-content\/uploads\/2025\/11\/Semana-Verde_page-0001-768x1086.jpg 768w, https:\/\/iesplazadelacruz.educacion.navarra.es\/web1\/wp-content\/uploads\/2025\/11\/Semana-Verde_page-0001-1086x1536.jpg 1086w, https:\/\/iesplazadelacruz.educacion.navarra.es\/web1\/wp-content\/uploads\/2025\/11\/Semana-Verde_page-0001.jpg 1241w\" sizes=\"auto, (max-width: 724px) 100vw, 724px\" \/><\/figure>\n","protected":false},"excerpt":{"rendered":"<p>Informaci\u00f3n general Inscripci\u00f3n Certificado del padre, madre o tutor Seguro coberturas. Fecha asignada: del 4 al 6 de marzo Salida d\u00eda 4 de marzo a las 8:00 am desde Avenida Galicia y vuelta el 6 de marzo saliendo de Narbarte a las 14:45 aprox. Alojamiento: Albergue Bertiz en Narbarte. Deber\u00e1n traer la comida del primer [&hellip;]<\/p>\n","protected":false},"author":1,"featured_media":0,"parent":0,"menu_order":0,"comment_status":"closed","ping_status":"closed","template":"","meta":{"_genesis_hide_title":false,"_genesis_hide_breadcrumbs":false,"_genesis_hide_singular_image":false,"_genesis_hide_footer_widgets":false,"_genesis_custom_body_class":"","_genesis_custom_post_class":"","_genesis_layout":"","footnotes":""},"class_list":{"0":"post-3909","1":"page","2":"type-page","3":"status-publish","5":"entry","6":"has-post-thumbnail"},"featured_image_src":null,"featured_image_src_square":null,"_links":{"self":[{"href":"https:\/\/iesplazadelacruz.educacion.navarra.es\/web1\/wp-json\/wp\/v2\/pages\/3909","targetHints":{"allow":["GET"]}}],"collection":[{"href":"https:\/\/iesplazadelacruz.educacion.navarra.es\/web1\/wp-json\/wp\/v2\/pages"}],"about":[{"href":"https:\/\/iesplazadelacruz.educacion.navarra.es\/web1\/wp-json\/wp\/v2\/types\/page"}],"author":[{"embeddable":true,"href":"https:\/\/iesplazadelacruz.educacion.navarra.es\/web1\/wp-json\/wp\/v2\/users\/1"}],"replies":[{"embeddable":true,"href":"https:\/\/iesplazadelacruz.educacion.navarra.es\/web1\/wp-json\/wp\/v2\/comments?post=3909"}],"version-history":[{"count":54,"href":"https:\/\/iesplazadelacruz.educacion.navarra.es\/web1\/wp-json\/wp\/v2\/pages\/3909\/revisions"}],"predecessor-version":[{"id":16009,"href":"https:\/\/iesplazadelacruz.educacion.navarra.es\/web1\/wp-json\/wp\/v2\/pages\/3909\/revisions\/16009"}],"wp:attachment":[{"href":"https:\/\/iesplazadelacruz.educacion.navarra.es\/web1\/wp-json\/wp\/v2\/media?parent=3909"}],"curies":[{"name":"wp","href":"https:\/\/api.w.org\/{rel}","templated":true}]}}