{"id":1472,"date":"2016-08-31T01:33:39","date_gmt":"2016-08-30T23:33:39","guid":{"rendered":"http:\/\/iesplazadelacruz.educacion.navarra.es\/web1\/?page_id=1472"},"modified":"2020-07-01T13:28:11","modified_gmt":"2020-07-01T11:28:11","slug":"matricula-16-17","status":"publish","type":"page","link":"https:\/\/iesplazadelacruz.educacion.navarra.es\/web1\/matricula-16-17\/","title":{"rendered":"Matr\u00edcula 20-21"},"content":{"rendered":"<p><strong>Instrucciones para realizar la matr\u00edcula: <\/strong><\/p>\n<p><em>(Solo para el alumnado NUEVO. El alumnado del Centro no necesita realizar la matr\u00edcula)<\/em><\/p>\n<ul>\n<li style=\"font-weight: 400;\">Plazo: Del 22 de junio al 3 de julio.<\/li>\n<li style=\"font-weight: 400;\">La matr\u00edcula podr\u00e1 realizarse:\n<ul>\n<li style=\"font-weight: 400;\">Presencialmente (de lunes a viernes de 9:30 a 13:30)<\/li>\n<li style=\"font-weight: 400;\">Por correo electr\u00f3nico (<a href=\"mailto:iesplaza@educacion.navarra.es\">iesplaza@educacion.navarra.es<\/a>)<\/li>\n<\/ul>\n<\/li>\n<\/ul>\n<p style=\"font-weight: 400;\"><strong>Documentos a presentar:<\/strong><\/p>\n<ul>\n<li>Para los centros adscritos*\n<ul>\n<li style=\"font-weight: 400;\">Impreso de matr\u00edcula (excepto los alumnos del Colegio San Francisco, que ya la han entregado)\n<ul>\n<li><a href=\"https:\/\/drive.google.com\/file\/d\/1q_het0j94kckdCm7L0PPzQV3dAllXyoE\/view?usp=sharing\" target=\"_blank\" rel=\"noopener noreferrer\">1\u00ba ESO<\/a> (centros adscritos)<\/li>\n<li><a href=\"https:\/\/drive.google.com\/file\/d\/1jpcv8MxfAAoX2OhLGqeH5_UtpFgkpeeM\/view?usp=sharing\" target=\"_blank\" rel=\"noopener noreferrer\">1\u00ba BTO<\/a> (IESO Elortzibar -No\u00e1in-)<\/li>\n<\/ul>\n<\/li>\n<li style=\"font-weight: 400;\">Foto tama\u00f1o carn\u00e9<\/li>\n<li style=\"font-weight: 400;\">DNI, NIE, Pasaporte<\/li>\n<li style=\"font-weight: 400;\">Notas del curso 2019-2020<\/li>\n<li style=\"font-weight: 400;\"><a href=\"https:\/\/drive.google.com\/file\/d\/1oZQtGYxibtcq2C7gMSXnAE_kRcnIxFcc\/view?usp=sharing\" target=\"_blank\" rel=\"noopener noreferrer\">Orden<\/a> de domiciliaci\u00f3n SEPA<\/li>\n<\/ul>\n<\/li>\n<li>Para el alumnado nuevo no procedente de centros adscritos\n<ul>\n<li style=\"font-weight: 400;\">Foto tama\u00f1o carn\u00e9<\/li>\n<li style=\"font-weight: 400;\">Notas del curso 2019-2020<\/li>\n<li><a href=\"https:\/\/drive.google.com\/file\/d\/1oZQtGYxibtcq2C7gMSXnAE_kRcnIxFcc\/view?usp=sharing\" target=\"_blank\" rel=\"noopener noreferrer\">Orden<\/a> de domiciliaci\u00f3n SEPA<\/li>\n<\/ul>\n<\/li>\n<\/ul>\n<p>*Los centros adscritos son: San Francisco, V\u00edctor Pradera, V\u00e1zquez de Mella, San Pedro de Mutilva y Elortzibar de Noain.<\/p>\n","protected":false},"excerpt":{"rendered":"<p>Instrucciones para realizar la matr\u00edcula: (Solo para el alumnado NUEVO. El alumnado del Centro no necesita realizar la matr\u00edcula) Plazo: Del 22 de junio al 3 de julio. La matr\u00edcula podr\u00e1 realizarse: Presencialmente (de lunes a viernes de 9:30 a 13:30) Por correo electr\u00f3nico (iesplaza@educacion.navarra.es) Documentos a presentar: Para los centros adscritos* Impreso de matr\u00edcula [&hellip;]<\/p>\n","protected":false},"author":1,"featured_media":5358,"parent":0,"menu_order":0,"comment_status":"closed","ping_status":"closed","template":"","meta":{"_genesis_hide_title":false,"_genesis_hide_breadcrumbs":false,"_genesis_hide_singular_image":false,"_genesis_hide_footer_widgets":false,"_genesis_custom_body_class":"","_genesis_custom_post_class":"","_genesis_layout":"","footnotes":""},"class_list":{"0":"post-1472","1":"page","2":"type-page","3":"status-publish","4":"has-post-thumbnail","6":"entry"},"featured_image_src":"https:\/\/iesplazadelacruz.educacion.navarra.es\/web1\/wp-content\/uploads\/2019\/06\/about-us-hero-image-t.jpg","featured_image_src_square":"https:\/\/iesplazadelacruz.educacion.navarra.es\/web1\/wp-content\/uploads\/2019\/06\/about-us-hero-image-t.jpg","_links":{"self":[{"href":"https:\/\/iesplazadelacruz.educacion.navarra.es\/web1\/wp-json\/wp\/v2\/pages\/1472","targetHints":{"allow":["GET"]}}],"collection":[{"href":"https:\/\/iesplazadelacruz.educacion.navarra.es\/web1\/wp-json\/wp\/v2\/pages"}],"about":[{"href":"https:\/\/iesplazadelacruz.educacion.navarra.es\/web1\/wp-json\/wp\/v2\/types\/page"}],"author":[{"embeddable":true,"href":"https:\/\/iesplazadelacruz.educacion.navarra.es\/web1\/wp-json\/wp\/v2\/users\/1"}],"replies":[{"embeddable":true,"href":"https:\/\/iesplazadelacruz.educacion.navarra.es\/web1\/wp-json\/wp\/v2\/comments?post=1472"}],"version-history":[{"count":8,"href":"https:\/\/iesplazadelacruz.educacion.navarra.es\/web1\/wp-json\/wp\/v2\/pages\/1472\/revisions"}],"predecessor-version":[{"id":6783,"href":"https:\/\/iesplazadelacruz.educacion.navarra.es\/web1\/wp-json\/wp\/v2\/pages\/1472\/revisions\/6783"}],"wp:featuredmedia":[{"embeddable":true,"href":"https:\/\/iesplazadelacruz.educacion.navarra.es\/web1\/wp-json\/wp\/v2\/media\/5358"}],"wp:attachment":[{"href":"https:\/\/iesplazadelacruz.educacion.navarra.es\/web1\/wp-json\/wp\/v2\/media?parent=1472"}],"curies":[{"name":"wp","href":"https:\/\/api.w.org\/{rel}","templated":true}]}}