{"id":1420,"date":"2016-08-30T19:24:15","date_gmt":"2016-08-30T17:24:15","guid":{"rendered":"http:\/\/iesplazadelacruz.educacion.navarra.es\/web1\/?page_id=1420"},"modified":"2016-08-30T19:24:15","modified_gmt":"2016-08-30T17:24:15","slug":"listado-por-departamentos","status":"publish","type":"page","link":"https:\/\/iesplazadelacruz.educacion.navarra.es\/web1\/listado-por-departamentos\/","title":{"rendered":"Listado por departamentos"},"content":{"rendered":"<p><strong>ALEM\u00c1N<\/strong><\/p>\n<p>Elena Calzada Le\u00f3n (JD)<\/p>\n<p>Maite Mart\u00edn Pascual<\/p>\n<p>&nbsp;<\/p>\n<p><strong>CIENCIAS NATURALES<\/strong><\/p>\n<p>Mar\u00eda del Mar As\u00edn Fanlo<\/p>\n<p>Francisco Javier Berduque Mancho (JD)<\/p>\n<p>Bego\u00f1a Bosque Ar\u00e1n<\/p>\n<p>Carolina Maule\u00f3n Go\u00f1i<\/p>\n<p>Carlos Mend\u00eda Eslava<\/p>\n<p>Ainara Nepote Gorriz<\/p>\n<p>Beatriz Sarasibar Sag\u00fc\u00e9s<\/p>\n<p>&nbsp;<\/p>\n<p><strong>DIBUJO<\/strong><\/p>\n<p>Miguel \u00c1ngel Ortiz Aranaz<\/p>\n<p>M\u00aa \u00c1ngeles Romero Castillo (JD)<\/p>\n<p>&nbsp;<\/p>\n<p><strong>EDUCACI\u00d3N F\u00cdSICA<\/strong><\/p>\n<p>Javier Angulo Fern\u00e1ndez (JD)<\/p>\n<p>Marisa Bernad Asiain<\/p>\n<p>Ana Caballero Mart\u00ednez<\/p>\n<p>I\u00f1igo S\u00e1nchez Donazar<\/p>\n<p>&nbsp;<\/p>\n<p><strong>EUSKERA<\/strong><\/p>\n<p>Maitane Amorena Oiarzabal (JD)<\/p>\n<p>&nbsp;<\/p>\n<p><strong>FILOSOF\u00cdA<\/strong><\/p>\n<p>Carlos Castiella Rodr\u00edguez<\/p>\n<p>Estefan\u00eda D\u00e1vila Mart\u00edn<\/p>\n<p>Guillermo Jim\u00e9nez Mangado<\/p>\n<p>Jos\u00e9 Javier Ollo Larrea<\/p>\n<p>Joaqu\u00edn Roa Ortigosa (JD)<\/p>\n<p>Bel\u00e9n Ruiz Ciriza<\/p>\n<p>&nbsp;<\/p>\n<p><strong>F\u00cdSICA Y QU\u00cdMICA<\/strong><\/p>\n<p>Mar\u00eda Ester Alonso Mart\u00ednez<\/p>\n<p>Martina Garralda Galarza<\/p>\n<p>Miguel \u00c1ngel Jim\u00e9nez Del Rinc\u00f3n<\/p>\n<p>Blanca Labairu Marco (JD)<\/p>\n<p>Alejandra Pliego L\u00f3pez<\/p>\n<p>&nbsp;<\/p>\n<p><strong>FRANC\u00c9S<\/strong><\/p>\n<p>M\u00aa Isabel L\u00f3pez Segura<\/p>\n<p>M\u00aa Carmen Navarro Preciado (JD)<\/p>\n<p>&nbsp;<\/p>\n<p><strong>GEOGRAF\u00cdA E HISTORIA<\/strong><\/p>\n<p>Ana Aicua Iriso (JD)<\/p>\n<p>M\u00aa Jos\u00e9 Armesto Fern\u00e1ndez<\/p>\n<p>Pilar Diarte Valderrama<\/p>\n<p>Gloria Flandes Aldeyturriaga<\/p>\n<p>Miguel Gaztambide Ganuza<\/p>\n<p>Carmen Herrero Prieto<\/p>\n<p>Ana Irisarri Aguirre<\/p>\n<p>M\u00aa Jes\u00fas Iturain Noain<\/p>\n<p>C\u00e9sar Layana Ilund\u00e1in<\/p>\n<p>Jorge Mart\u00ednez de Morent\u00edn Garc\u00eda<\/p>\n<p>M\u00aa Victoria Rold\u00e1n Aso<\/p>\n<p>Irantzu Urd\u00e1niz Guembe<\/p>\n<p>&nbsp;<\/p>\n<p><strong>GRIEGO<\/strong><\/p>\n<p>Milagros Ortega de Pedro (JD)<\/p>\n<p>&nbsp;<\/p>\n<p><strong>INGL\u00c9S<\/strong><\/p>\n<p>Blanca Abaigar Luquin<\/p>\n<p>Juana De Juan Garc\u00eda (JD)<\/p>\n<p>Marisol Garc\u00eda de Galdeano Remiro<\/p>\n<p>Encarnaci\u00f3n Hern\u00e1ndez Garc\u00eda<\/p>\n<p>Marta L\u00f3pez P\u00e9rez<\/p>\n<p>Arantxa Mart\u00ednez Matamoros<\/p>\n<p>Mar\u00eda McInneny<\/p>\n<p>Pedro Moreno Llorente<\/p>\n<p>Ana Olloqui Huarte<\/p>\n<p>&nbsp;<\/p>\n<p><strong>LAT\u00cdN<\/strong><\/p>\n<p>Elena Fern\u00e1ndez Sanz<\/p>\n<p>M\u00aa Jos\u00e9 Zarranz Echarte (JD)<\/p>\n<p>&nbsp;<\/p>\n<p><strong>LENGUA CASTELLANA<\/strong><\/p>\n<p>M\u00aa Elena Ant\u00f3n Remirez<\/p>\n<p>Irene Arrizurrieta Bildanaz<\/p>\n<p>M\u00aa Yolanda Azp\u00edroz Eugui<\/p>\n<p>Sara Crespo Egu\u00edlaz<\/p>\n<p>Miguel \u00c1ngel Garc\u00eda Andr\u00e9s<\/p>\n<p>Fco. Javier Garc\u00eda Ariza<\/p>\n<p>M\u00aa Antonia Garc\u00eda Gurria<\/p>\n<p>Jos\u00e9 Luis Gonz\u00e1lez Garc\u00eda<\/p>\n<p>M\u00aa Dolores Hernaiz P\u00e9rez<\/p>\n<p>Jos\u00e9 Miguel Gurpegui Urab\u00e1in<\/p>\n<p>Alberto Morales Herrrera<\/p>\n<p>Paloma Rosell\u00f3 Fern\u00e1ndez (JD)<\/p>\n<p>Eva Ruiz Navarro<\/p>\n<p>&nbsp;<\/p>\n<p><strong>MATEM\u00c1TICAS<\/strong><\/p>\n<p>Enrique Alba Garc\u00eda de Dios<\/p>\n<p>Rodrigo Alfaro Jim\u00e9nez<\/p>\n<p>Jos\u00e9 Mar\u00eda And\u00eda Jim\u00e9nez<\/p>\n<p>Ad\u00e1n Estudillo Anillo<\/p>\n<p>Marian Ferreiros D\u00edaz<\/p>\n<p>Amaya Go\u00f1i Iturri<\/p>\n<p>Ram\u00f3n Lij\u00f3 Berasarte<\/p>\n<p>Mercedes Lleyda Ayala<\/p>\n<p>Jes\u00fas M\u00aa Os\u00e9s Ib\u00e1\u00f1ez<\/p>\n<p>Jos\u00e9 Domingo Server Savall (JD)<\/p>\n<p>Roncesvalles Sorbet Esnoz<\/p>\n<p>&nbsp;<\/p>\n<p><strong>M\u00daSICA<\/strong><\/p>\n<p>Ana Isabel Aranguren Aramburu<\/p>\n<p>Gabriel C\u00e1mara L\u00f3pez (JD)<\/p>\n<p>Laura Iturbe S\u00e1nchez de Movell\u00e1n<\/p>\n<p>M\u00aa Paz Urriza Macaya<\/p>\n<p>&nbsp;<\/p>\n<p><strong>ORIENTACI\u00d3N Y \u00c1MBITO<\/strong><\/p>\n<p>Rafael Belarra Gorrochategui (JD)<\/p>\n<p>Ainhoa J\u00e1uregui Idoate<\/p>\n<p>Blanca Legorburu S\u00e1nchez<\/p>\n<p>M\u00aa Nieves L\u00f3pez Mend\u00eda<\/p>\n<p>Gurutze Madinabeitia Preciado<\/p>\n<p>Alicia Ruiz Oria<\/p>\n<p><span lang=\"EN-GB\">Javier Ugarte Ilund\u00e1in<\/span><\/p>\n<p><span lang=\"EN-GB\">\u00a0<\/span><\/p>\n<p><strong>RELIGI\u00d3N<\/strong><\/p>\n<p>Rut Ayerra Larr\u00e1yoz<\/p>\n<p>Luis Elizalde de Esteban<\/p>\n<p>Cristina Setas D\u00edaz (JD)<\/p>\n<p>&nbsp;<\/p>\n<p><strong>TECNOLOG\u00cdA<\/strong><\/p>\n<p>Tom\u00e1s Cambra Cont\u00edn<\/p>\n<p>Francisco Estudillo Herrera<\/p>\n<p>M\u00aa Jes\u00fas Gastesi Ulzurrun (JD)<\/p>\n<p>Isabel Larumbe San Mart\u00edn<\/p>\n<p>Teresa Nicol\u00e1s Ira\u00f1eta<\/p>\n<p>Ra\u00fal Urdaci Iriarte<\/p>\n","protected":false},"excerpt":{"rendered":"<p>ALEM\u00c1N Elena Calzada Le\u00f3n (JD) Maite Mart\u00edn Pascual &nbsp; CIENCIAS NATURALES Mar\u00eda del Mar As\u00edn Fanlo Francisco Javier Berduque Mancho (JD) Bego\u00f1a Bosque Ar\u00e1n Carolina Maule\u00f3n Go\u00f1i Carlos Mend\u00eda Eslava Ainara Nepote Gorriz Beatriz Sarasibar Sag\u00fc\u00e9s &nbsp; DIBUJO Miguel \u00c1ngel Ortiz Aranaz M\u00aa \u00c1ngeles Romero Castillo (JD) &nbsp; EDUCACI\u00d3N F\u00cdSICA Javier Angulo Fern\u00e1ndez (JD) Marisa [&hellip;]<\/p>\n","protected":false},"author":1,"featured_media":0,"parent":0,"menu_order":0,"comment_status":"closed","ping_status":"closed","template":"","meta":{"_genesis_hide_title":false,"_genesis_hide_breadcrumbs":false,"_genesis_hide_singular_image":false,"_genesis_hide_footer_widgets":false,"_genesis_custom_body_class":"","_genesis_custom_post_class":"","_genesis_layout":"","footnotes":""},"class_list":{"0":"post-1420","1":"page","2":"type-page","3":"status-publish","5":"entry"},"featured_image_src":null,"featured_image_src_square":null,"_links":{"self":[{"href":"https:\/\/iesplazadelacruz.educacion.navarra.es\/web1\/wp-json\/wp\/v2\/pages\/1420","targetHints":{"allow":["GET"]}}],"collection":[{"href":"https:\/\/iesplazadelacruz.educacion.navarra.es\/web1\/wp-json\/wp\/v2\/pages"}],"about":[{"href":"https:\/\/iesplazadelacruz.educacion.navarra.es\/web1\/wp-json\/wp\/v2\/types\/page"}],"author":[{"embeddable":true,"href":"https:\/\/iesplazadelacruz.educacion.navarra.es\/web1\/wp-json\/wp\/v2\/users\/1"}],"replies":[{"embeddable":true,"href":"https:\/\/iesplazadelacruz.educacion.navarra.es\/web1\/wp-json\/wp\/v2\/comments?post=1420"}],"version-history":[{"count":1,"href":"https:\/\/iesplazadelacruz.educacion.navarra.es\/web1\/wp-json\/wp\/v2\/pages\/1420\/revisions"}],"predecessor-version":[{"id":1421,"href":"https:\/\/iesplazadelacruz.educacion.navarra.es\/web1\/wp-json\/wp\/v2\/pages\/1420\/revisions\/1421"}],"wp:attachment":[{"href":"https:\/\/iesplazadelacruz.educacion.navarra.es\/web1\/wp-json\/wp\/v2\/media?parent=1420"}],"curies":[{"name":"wp","href":"https:\/\/api.w.org\/{rel}","templated":true}]}}