{"id":1409,"date":"2016-08-30T19:11:53","date_gmt":"2016-08-30T17:11:53","guid":{"rendered":"http:\/\/iesplazadelacruz.educacion.navarra.es\/web1\/?page_id=1409"},"modified":"2024-10-18T09:40:24","modified_gmt":"2024-10-18T07:40:24","slug":"libros-de-mantenimiento","status":"publish","type":"page","link":"https:\/\/iesplazadelacruz.educacion.navarra.es\/web1\/libros-de-mantenimiento\/","title":{"rendered":"Libros de mantenimiento"},"content":{"rendered":"\n<h4 class=\"wp-block-heading\">&nbsp;<strong>MANTENIMIENTO CORRECTIVO<\/strong><\/h4>\n\n\n\n<figure class=\"wp-block-table\"><table><tbody><tr><td><strong>MANTENIMIENTO GENERAL<\/strong><\/td><td><strong>INCIDENCIAS<\/strong> <strong>INFORM\u00c1TICA y NNTT<\/strong><\/td><td><strong>INCIDENCIAS<\/strong> <strong>CHROMEBOOKS<\/strong><\/td><td><strong>LIMPIEZA<\/strong><\/td><\/tr><tr><td>&nbsp;<img loading=\"lazy\" decoding=\"async\" class=\" size-full wp-image-353\" src=\"http:\/\/iesplazadelacruz.educacion.navarra.es\/web1\/wp-content\/uploads\/2013\/11\/obras.jpg\" alt=\"\" width=\"52\" height=\"50\" border=\"0\" srcset=\"https:\/\/iesplazadelacruz.educacion.navarra.es\/web1\/wp-content\/uploads\/2013\/11\/obras.jpg 310w, https:\/\/iesplazadelacruz.educacion.navarra.es\/web1\/wp-content\/uploads\/2013\/11\/obras-300x290.jpg 300w\" sizes=\"auto, (max-width: 52px) 100vw, 52px\" \/><\/td><td>&nbsp;<img loading=\"lazy\" decoding=\"async\" class=\" size-full wp-image-354\" src=\"http:\/\/iesplazadelacruz.educacion.navarra.es\/web1\/wp-content\/uploads\/2013\/11\/reparacin%20ordenadores.jpg\" alt=\"\" width=\"61\" height=\"50\" border=\"1\"><\/td><td><img decoding=\"async\" src=\"data:image\/jpeg;base64,\/9j\/4AAQSkZJRgABAQAAAQABAAD\/2wCEAAkGBwgHBgkIBwgKCgkLDRYPDQwMDRsUFRAWIB0iIiAdHx8kKDQsJCYxJx8fLT0tMTU3Ojo6Iys\/RD84QzQ5OjcBCgoKDQwNGg8PGjclHyU3Nzc3Nzc3Nzc3Nzc3Nzc3Nzc3Nzc3Nzc3Nzc3Nzc3Nzc3Nzc3Nzc3Nzc3Nzc3Nzc3N\/\/AABEIAJQAqQMBIgACEQEDEQH\/xAAbAAACAgMBAAAAAAAAAAAAAAACAwABBAUGB\/\/EAEEQAAECAwUFBgUCAwUJAAAAAAECEQAhMQMEEkFRYXGBkfAFEyKhsdEGMlLB4ULxI2KSBxQkcoIVFjRDU1Vjk+L\/xAAYAQEBAQEBAAAAAAAAAAAAAAAAAQMCBP\/EACERAQACAgIBBQEAAAAAAAAAAAABAgMREjEEEyEiQVEU\/9oADAMBAAIRAxEAPwD0ZM4cnEM4A2akTyi0LBpHmhvJ6VKzLw5Foxm8Y6TD0tHcJMHpWDnBhjCBwgw+sVyeA0WzwsPrBAtFQdIuAdL\/ADGLIfKKgi0JWnf6wZIGsLUo5AndBSFhumjHX004yVqb9YB0MIVMTA3iOFIUSn5VRO\/Un5g8WoEVKh5wlQBo3pHK6hkIvIOcH3oOYjAWhRmGPnCFWqrMzeuZaHLXZw\/G0WsCpEJVbWYkVh4117tyLPGmjRrrW3vK1FNmlMqvE5r6boMbzSoEReONHcLxapXjtAAgyVsMbP8AvCOiPeEWJrptwkGsAu7JVNJaGAwYMd6c7YvcrRtGyLQrWW+MrEAHVJOZ2R5v278Xq7S7QtLp2fad1c7NTd4keK1Oc8hOLWszKTfXb0IWgxNjS+jw0KYgGPPuz7e4EDHixEyUTPqkb67WtulINzvxI+m08Q8429GdM\/Wjbp0rEMBEaFPal5sW\/vdzxJ+qxL+RjLu3atyt5WduyvptPCY4mlo7h1zrPUtoW0iiDrCAss+UF3lHjnbrRmMgM4gbRQNZboDvEnfFKIyaEyaUoBQ+YRj2iCKQa3FJQpSyKxzK6BvURvhaidEmDUt5OYUSCflHAzjnbrQVbUQm0QlVUqeGqI\/mhWIT\/iHiKRJVr70ChSUBQIJzhC7TuwuQzA2xsL3Zd6nwhKjrGMLqtQ8SZjSMp9paxLDuilKxvJSg8NZf1q5D2jJutg1sVkbJSIjYOnbyENSkzDaiCBgY03xV8QWPw52Uu922FVqfDYof51fiPQ87nf7Tvif+53Y9j3O0\/wARboBt1pM0IOXER5xdl90gAHrp+UYlreLW+Xm0vd7WbS2tVYlqPn5PygwplF5jPb14o3rGmdp23FjfVJqaic+f35Rs7r2wuxUP4hDCeyv5jmkqOrnP+Y7eXnDU2rfKZ5Hly\/TWNIlxMPQuz\/im0TJZfU9dTjcI7T7NvyALays3VHlaLfCRhLAU2dS5RmWF9UiiiH063jhHUS4mr09F2wsrs2\/LsxkjE45QZ7S7Uus7zdkXhGa7M4THA3Ttq2sWAXMSkeujG8unxOsD+IoK1kYTWskWtDqLL4guFq4tLQ3e0FU2wbzpGcm3SpIUhQUk0KS4jmv9p9n31LW6Ez1161jFX2bYpUbTs+9Wlir+RbDlnyjK2D8lpXPruHWqtpThVpbsJcjHJKv\/AG5cT4zZ3pA+oMeYgkfFN2UWvdhaXdWbeICMLYrw2rlpLol3gZBlQhV8QfnmfP8AMa6xvVhe\/wDhbzZ2n+VU29Y13adpaJULKxUp1VURTdGHy3pvEVl0Iv6CB3ZJyYicPs7crDjzLRxNpdl3ey\/vYtVC0FCpUyI3lmsqNgFJOLCCoBpGE7heMN0sp\/Ug72eJZKswSyuBiWKhgDSLZwSsJqmeoi624Fhect8RoWU\/SsjYYrx\/VHSabO83iyulhaXi8LwWVmkqUTJgI8I+LviK1+I+2bS8ElN0svDd0E0TKe8u8dF\/al8Um82x7C7OWO5Sf8UpJ+ZWSd0cAicnrQ9b43pX7YzJ6SUkE1aY6\/1QxKsIBmd2fRHnCBaZ0m7efvpBBRCjqdc214gc41cMhJFEmWR5f\/MNSoFSaiT7W6OWkYgUG0SadbiOUZF0sba92wsLBIeqlKonafMNIwmdRuT7g9CnnmJyzOzi9NYaleEyO2R62HnGyR8OICCbS+XkkiakBIT5g+ZjX365WnZ60ha+8slnw2mEAuMjweOK5q2nT0ZfCy468pj2Ei2AaraPMjZ+NIYi8MZKzkRroOgZxg41TmxOb1pUe+tYILJVUuzbW69I1eRs0XxSKKNNTGXY9rWtnhwrnSuen7bI0WPLz6p+YvvGlVw2h3dPMRdpp1Nl26shlqkDOXXnB2l\/sLzK0QHORFOuMcn3ygaiT59NrUbonfkBgXFWHtnyi8k4t5eLtd1HFZqwHUGkIVer9dyD3yrQJFFkqLcco1ib4tLFzKnt0cogvqmDmRLylPVmpnTjEmKz2sco6ltU9sWZtwq\/WSylJmEGnPdHW3L4g7JvLCyvFmk5pXIyjzpV4SoTI9vbnCVqCjKoZnq\/WyMbYKy2rmtHb2OzvTpBTNORhyLyDRQjxq6dpXy4F7pel2bfSpgd+Ubq6\/HF7Qyb5YWdtqpLoVzoeUYWwWjptGas9vTu9cOQ41EXjH0q8o4+4fGPZduoC2tLS72hzWlxzEbT\/eDsr\/u12\/rEZzFo7hp8Z6l4sVLK1KtCStRKsRMyczzEEDIgSaXqPasKSWrv3iR94ubSNJbizfYR7XkOSt5tI+Y\/YmLSSM5sz7f3Ahbgu4YO7NlryNWyiAmRz5z\/AHGsVDkKBEpgjy\/Y6R0vw\/3aLqhSyPFaE2jFzX2jlgrlXCcxt4EzjY9m9pKuZwLT3lmpnAUN0jN8ucZZqzavs8vl4r5MeqT7vRbv3tpbpKVju8QMlBsO6Nd8apu1j2YlASlNsu1T3YfQu7eXGNYj4xsbvdsFy7PWFkf8xVZVLTP4jnr\/ANo3jtC8G8Xq1xKPhE2SkaDyLRhk\/o8rNS168K1\/Pt6PDpPi4bRN5m1ux2VmbRIIHhMg6gHyYPEGLusZYEqwsa79zt5wnvUKQkLC02iAEgpynInMNGQi2NopQSxskpwJSZ4yZA83j3IALcSyE9mzZ5RMekzrrt9DnnBLFkvEEkgWTPaKL8QIWqzIYWYxJUHGEO4Bm\/WcBalZdftllAlWZoqgMn9zzmIA4knDhLiiWn1uAgCt38UsyDXjrxgGKVWfHqe2bZwClMaDPd1zkYAqY1CS2eXW6hgSoh5N9tn2mc4KPGX1O3757Msoo2paZJBdtv2fnOFKINWY655dNFElyS+I+f3PlAMxl2BfT16pA4xhJnhk836k8KmQxmNnTDziiqc6ijD0gGksxEjXofiB7y0+i05iAd3Brn7xHV\/0k8xECQX+\/XGLC2AWeHr9oWKYeT57uX5ggWVUkVfXP0Jzjl2NpYTQDyp6ERaVln1Em1\/cawsP4RXKWtPsMot3Diup1rPi8ENBaTHVgOPoTlBaOQ1CXrl7ZwoMkSmDXb0Dtg01oSw8R0yn5aQDMRJlJRmx5+oNBnFhVSKbOtNsKxFvD1+H9YIGmF3qJzass9RICKhoORPHrgdYJz8wPiHMdHU5wgKAE2Kdmf5Y7aQRU3zHZ9peRkIqMiytsKSnClaFESJaeTGW2GKvT2fdjwksnwyATVn3l3jEc+KZxGSjpvG\/UxYUCJANzHtWAzzbC0tFp8FpZossJLOSaCe+KtLt8wSom0QkkqAGGWWojAJIYJJmwCQTPTfpTSDN4xqBKbNTl1LTJShzk8UOXY2ibGzUEqUopxKag08oxyZNlk\/55S0hxtbIWyr1jq4Fm2bUfSCUE98ixTZhaFCdofmL1U+esBikzlNRG2f39IAl3bxDrgPcQ82IDJVaosyr5UseDnhCu6VgtbRZKe7UE4HFc204RABIJBrOo+0Up3bbln9+cUTnmcxL8xR0S7nIZjdyMFW8tdnUotttn\/UfaBBdyGIEg2X2GZi8Kvqs+cAhyQ5m899D7xY0+09PuIB8JYT9n\/MR5TMjSezllHLoblQOp69RmYsEOCmgm1Nv3NBAEl3adQ3OWcRObsQJ+em4wDUkAtVI88vQxYZgCzUfTL2o8LBGEPQy+3tR4KZVN3Mj6eoggwSpTF8XIgn8iLBJDBpzrLUbKymeEKxu4A2HY+vEZ65wWLNLjMeobjoIoYF0Inptzbk9IsFjWbaTP3pCgpjIEOxA1FRLPOJIJ8I8OUpbNnN4IaFCWYTulrs01ME7zJ40\/OhhRJ+YmVHfl5aRBWUyMgDOXMuN0VBlQc6mo6+5i8Tg6en2DH1haT+mRzwjPgNm+KxBpzH1es6U9IBjtN8Io704+0WLW0CChKlpQRNLmXD3hRJDqV7E8al4s5fqfJvm4ZvAO76zIs++QtS0D9CqgUcRkItkWwSgoSbVQUsEgsF6eka938I4OAXlpQPKKJcmZVTN20nl+IA1rUpRKvColy0vSAcUo+TZbveKd5vXN2868oqgAJAToQ3lnBRuSraK7PtA4V\/+P\/2RRrhZjoRMcIPBaaeYiDFBl6b2\/EE7KJzrOusDnLOf3iPlkMvL7xHQwwO3OW32MRx+ouM58PbWAq2LZ7bsosF9WNDv86wBgk\/M4Kq7Xlvi3xAimTaPs37YW7yzVlvn6iLJJHhf2z3QBviGyv8AlefCcFimMMiqmT576iFg4mIlpseYn7NEB2eJXy1nno5ggwZSPzZHPMS5ifKLBn4QC1KbxsGfOF4n45Hyl7xeIEkg0m+j02CfrFQeKYILSkqm0T50ETYkAPRLcRKpzEA+hDnPR9Sdug4xTyE2Cs5j8ljFDcRPhTRxt3SEhxiYh+knLCSXbTYIWTLCpgNNNw2HWLKiSy3JqRmNZCQ1gDxN4gWS3zP9822RTsPEMI0MuOpaAKiSalWbTO0OZRCZFQINQVA83O0QBk1SXEpgjLcPvFKJJnUTara7BrAvIUI2+EH7l5xTiWmWIV4Z6QDCcTq+YiRII9d3pAgmZeZrUDjmYEqEpGQoZkcMvzFOcRm5FWmds4gJ2AAEsgzA8M84qWq\/6IqgfSRYsOeecV\/D+pHJUAv+Wmvp08R3D+ehblAu7t1nF4s97eu6I6EWLqz1HOsRR5nzzgBqDuO7bF4sOzmKdbIAyWLauQBzEomxOWddo2QD4QwFDRqtqOOcQVapAdq02boAycwaEsXpmJmIS7tnw2idTAzBkXw0adIgUAHSZDQ8ROAOT76SZ8xLPPWI7sCRsk5D6CgnC9RkZPTaNpi3cAZZDfsE6wQbhT+bZPtoJxAQQT9U1EGryM9\/rAEzGPkQOLDfEdycUznmdDsHKKaMxECdNaDQ7TlEyYtsBp\/SNjQGZP6s2mZbYgNcJH+mj74INyDhqcgRPYw28YjzDFyKGpGmwQAIweGSTpIbJ1LRZIZ\/0ngOGsAQM3HFi5HHKKdwTlm1DrPOKJLjFUGT\/YcojlwXc\/pKg52S8oAiThqGzaSfcvFOWAyyfPQtFO8823lst0U9c3+YA01n7QXQn8U5FtHLbsoJl\/Raf1Qt9obPJL74B0fWn+kwNKyRm7RRksDcH5xIkRVoGK0CTm086GKBdJObgeUSJAXZ+KzJOShLfKKUoos0FgpwCQaaUi4kBdBZnMgHdEX4SGqwmd8XEgBc94oAsQDMVkYKzSFLWj5QEmYqWnEiRQKDiBeQ0Eqg8couy8VmVH9JDJEhOUSJBEUoizCjNhQ0lsiKUUpxVMxPKLiQFrlaAVKlM5FH0inPeWYzUASqpnEiQEoSBIgGYrKLSBjYSBJBAzziRIAUqKkuaYmYUiEkJBroDQRIkASpLw6UOYgMatYkSA\/\/2Q==\" alt=\"487 en la categor\u00eda \u00abChromebook\u00bb de fotos e im\u00e1genes de ...\" style=\"\"><\/td><td>&nbsp;<img loading=\"lazy\" decoding=\"async\" class=\" size-full wp-image-355\" src=\"http:\/\/iesplazadelacruz.educacion.navarra.es\/web1\/wp-content\/uploads\/2013\/11\/carro_limpieza.jpg\" alt=\"\" width=\"80\" height=\"80\" border=\"0\" srcset=\"https:\/\/iesplazadelacruz.educacion.navarra.es\/web1\/wp-content\/uploads\/2013\/11\/carro_limpieza.jpg 225w, https:\/\/iesplazadelacruz.educacion.navarra.es\/web1\/wp-content\/uploads\/2013\/11\/carro_limpieza-150x150.jpg 150w\" sizes=\"auto, (max-width: 80px) 100vw, 80px\" \/><\/td><\/tr><tr><td><a href=\"https:\/\/docs.google.com\/a\/educacion.navarra.es\/forms\/d\/1m9mIlyNMZcsD6NU28_Bo-bWbV_LZD_7nNj6tJuVUYW4\/viewform\" target=\"_blank\" rel=\"noopener\">FORMULARIO<\/a>\n<p>&nbsp;<\/p>\n<p>(Peticiones)<\/p>\n<\/td><td><a href=\"https:\/\/docs.google.com\/a\/educacion.navarra.es\/forms\/d\/1mJQoQdM-Z4kk8l-H7vt_2uYdShNiixhQiyzsjTkd9-U\/viewform\" target=\"_blank\" rel=\"noopener\">FORMULARIO <\/a>\n<p>&nbsp;<\/p>\n<p>(Peticiones)<\/p>\n<\/td><td><a href=\"https:\/\/docs.google.com\/forms\/d\/e\/1FAIpQLScYamqYLlFkvjJykwiDjTwjH0hMHsrNw0k5ja5N5BgTTMUKdQ\/viewform\">FORMULARIO<\/a>  <br><br><br>(Peticiones)<br><br><\/td><td><a href=\"https:\/\/docs.google.com\/a\/educacion.navarra.es\/forms\/d\/1GTAuRMHK9vdze7k1Jh9QJxFydtyNHlY2jdM2uK22ru4\/viewform\" target=\"_blank\" rel=\"noopener\">FORMULARIO <\/a>\n<p>&nbsp;<\/p>\n<p>(Peticiones)<\/p>\n<\/td><\/tr><tr><td><a href=\"https:\/\/docs.google.com\/a\/educacion.navarra.es\/spreadsheet\/ccc?key=0AlxZktps4hjcdFVMTnNuRVhLMlcwLVRfVlFsWTc0U1E&amp;usp=drive_web#gid=0\" target=\"_blank\" rel=\"noopener\">REGISTROS<\/a>\n<p>&nbsp;<\/p>\n<p>(Libro de reparaciones)<\/p>\n<\/td><td><a href=\"https:\/\/docs.google.com\/a\/educacion.navarra.es\/spreadsheet\/ccc?key=0AlxZktps4hjcdDdEWDFPbFFUd1hEUEhxdFZjdU9jaFE&amp;usp=drive_web#gid=0\" target=\"_blank\" rel=\"noopener\">REGISTROS<\/a>\n<p>&nbsp;<\/p>\n<p>(Libro de reparaciones)<\/p>\n<\/td><td><\/td><td><a href=\"https:\/\/docs.google.com\/spreadsheet\/ccc?key=0AlxZktps4hjcdEdSa3MyLU5TTjdrOUQyeWRUZnJBS0E&amp;usp=sharing\" target=\"_blank\" rel=\"noopener\">REGISTROS <\/a>\n<p>&nbsp;<\/p>\n<p>(Estado de las peticiones)<\/p>\n<\/td><\/tr><\/tbody><\/table><\/figure>\n\n\n\n<h4 class=\"wp-block-heading\"><strong>MANTENIMIENTO PREVENTIVO<\/strong><strong>&nbsp;<\/strong><\/h4>\n\n\n\n<figure class=\"wp-block-table\"><table><tbody><tr><td>\n<h4 style=\"text-align: center;\">REVISI\u00d3N DE LAS AULAS<\/h4>\n<\/td><\/tr><tr><td><img loading=\"lazy\" decoding=\"async\" src=\"https:\/\/lh6.googleusercontent.com\/TcThKjJA4huAAl3wBs5JrrMpR4C_8mEn7AkImPCajnTGW-LgVx9QT9AfqTKuVfg2SYVSNsFd1XeVcIeFQq9ToR1ylCvhOlNFhUWhB-DvUvW0b8vQh4TQHEfoZdSKl-8kv8qzp-6C\" alt=\"Imagen sin leyenda\" width=\"135\" height=\"90\" border=\"0\"><\/td><\/tr><tr><td><a href=\"https:\/\/docs.google.com\/a\/educacion.navarra.es\/forms\/d\/1AQapMoZC-nxRn_JhAeRbehk8QF5wAvZw3IAxir_ghxg\/viewform\" target=\"_blank\" rel=\"noopener\">FORMULARIO<\/a>\n<p>&nbsp;<\/p>\n<p>(Este formulario lo deben rellenar los tutores de los grupos)<\/p>\n<\/td><\/tr><\/tbody><\/table><\/figure>\n\n\n\n<figure class=\"wp-block-table\"><table><tbody><tr><td>\n<h4><strong>REVISI\u00d3N&nbsp;DE \u00c1REAS ESPEC\u00cdFICAS<\/strong><\/h4>\n<h4><strong>(Laboratorios, aulas de inform\u00e1tica, talleres, etc.)<\/strong><\/h4>\n<\/td><\/tr><tr><td><img loading=\"lazy\" decoding=\"async\" class=\"\" src=\"https:\/\/encrypted-tbn2.gstatic.com\/images?q=tbn:ANd9GcTxPTfWCaXbezGu8PKOMEgf-2XzOJx_AVAF9fHIbgPMsmfb7ZwE9w\" width=\"107\" height=\"98\" border=\"0\"><\/td><\/tr><tr><td><a href=\"https:\/\/docs.google.com\/document\/d\/1wDOQnjElA1KJXTNRFYhWs4gsMeRGkYWa5-FaXRhR1e0\/edit?usp=sharing\" target=\"_blank\" rel=\"noopener\">FORMULARIOS<\/a>\n<p>&nbsp;<\/p>\n<p>(Este formulario lo deben rellenar los responsables de las diferentes \u00e1reas)<\/p>\n<\/td><\/tr><\/tbody><\/table><\/figure>\n","protected":false},"excerpt":{"rendered":"<p>&nbsp;MANTENIMIENTO CORRECTIVO MANTENIMIENTO GENERAL INCIDENCIAS INFORM\u00c1TICA y NNTT INCIDENCIAS CHROMEBOOKS LIMPIEZA &nbsp; &nbsp; &nbsp; FORMULARIO &nbsp; (Peticiones) FORMULARIO &nbsp; (Peticiones) FORMULARIO (Peticiones) FORMULARIO &nbsp; (Peticiones) REGISTROS &nbsp; (Libro de reparaciones) REGISTROS &nbsp; (Libro de reparaciones) REGISTROS &nbsp; (Estado de las peticiones) MANTENIMIENTO PREVENTIVO&nbsp; REVISI\u00d3N DE LAS AULAS FORMULARIO &nbsp; (Este formulario lo deben rellenar los [&hellip;]<\/p>\n","protected":false},"author":1,"featured_media":0,"parent":0,"menu_order":0,"comment_status":"closed","ping_status":"closed","template":"","meta":{"_genesis_hide_title":false,"_genesis_hide_breadcrumbs":false,"_genesis_hide_singular_image":false,"_genesis_hide_footer_widgets":false,"_genesis_custom_body_class":"","_genesis_custom_post_class":"","_genesis_layout":"","footnotes":""},"class_list":{"0":"post-1409","1":"page","2":"type-page","3":"status-publish","5":"entry"},"featured_image_src":null,"featured_image_src_square":null,"_links":{"self":[{"href":"https:\/\/iesplazadelacruz.educacion.navarra.es\/web1\/wp-json\/wp\/v2\/pages\/1409","targetHints":{"allow":["GET"]}}],"collection":[{"href":"https:\/\/iesplazadelacruz.educacion.navarra.es\/web1\/wp-json\/wp\/v2\/pages"}],"about":[{"href":"https:\/\/iesplazadelacruz.educacion.navarra.es\/web1\/wp-json\/wp\/v2\/types\/page"}],"author":[{"embeddable":true,"href":"https:\/\/iesplazadelacruz.educacion.navarra.es\/web1\/wp-json\/wp\/v2\/users\/1"}],"replies":[{"embeddable":true,"href":"https:\/\/iesplazadelacruz.educacion.navarra.es\/web1\/wp-json\/wp\/v2\/comments?post=1409"}],"version-history":[{"count":11,"href":"https:\/\/iesplazadelacruz.educacion.navarra.es\/web1\/wp-json\/wp\/v2\/pages\/1409\/revisions"}],"predecessor-version":[{"id":14628,"href":"https:\/\/iesplazadelacruz.educacion.navarra.es\/web1\/wp-json\/wp\/v2\/pages\/1409\/revisions\/14628"}],"wp:attachment":[{"href":"https:\/\/iesplazadelacruz.educacion.navarra.es\/web1\/wp-json\/wp\/v2\/media?parent=1409"}],"curies":[{"name":"wp","href":"https:\/\/api.w.org\/{rel}","templated":true}]}}