{"id":1400,"date":"2016-08-30T18:48:06","date_gmt":"2016-08-30T16:48:06","guid":{"rendered":"http:\/\/iesplazadelacruz.educacion.navarra.es\/web1\/?page_id=1400"},"modified":"2026-02-03T15:00:14","modified_gmt":"2026-02-03T14:00:14","slug":"apyma","status":"publish","type":"page","link":"https:\/\/iesplazadelacruz.educacion.navarra.es\/web1\/apyma\/","title":{"rendered":"APYMA"},"content":{"rendered":"\n<p>La Asociaci\u00f3n de Padres y Madres de alumnos del instituto Plaza de la Cruz de Pamplona (APYMA), es el \u00f3rgano representativo de las familias dentro del Centro.<\/p>\n\n\n\n<p>Como \u00f3rgano representativo, existe la figura de la Junta Directiva, la cual por medio de Presidencia, Vicepresidencia, Tesorer\u00eda, Secretar\u00eda y vocales, organiza las diferentes actividades de su competencia.<\/p>\n\n\n\n<p>La Junta directiva nombra de entre sus miembros a una persona responsable para cada actividad o grupo de actividades que se apoyan y promocionan desde la APYMA y, que sirve de nexo entre esta y la entidad de la que depende la actividad (el centro, el Departamento de Educaci\u00f3n, el Departamento de Salud, la federaci\u00f3n Herrikoa\u2026) Estas personas informan sobre el desarrollo de sus gestiones a la Junta, para su conocimiento y aprobaci\u00f3n.<\/p>\n\n\n\n<p>Cualquier familia socia de la Apyma puede ofrecerse a ser parte de la Junta.<\/p>\n\n\n\n<p><strong>\u00bfQu\u00e9 hace la apyma?<\/strong><\/p>\n\n\n\n<ul class=\"wp-block-list\">\n<li>Representamos a las familias y somos nexo de uni\u00f3n con el Centro\n<ul class=\"wp-block-list\">\n<li>Ayudamos a los alumnos y alumnas en su comunicaci\u00f3n con el centro (Reuni\u00f3n de Delegados\u2026)<\/li>\n\n\n\n<li>Organizamos actividades did\u00e1cticas<\/li>\n\n\n\n<li>Reforzamos la formaci\u00f3n con jornadas educativas, como el D\u00eda de las Profesiones<\/li>\n\n\n\n<li>Colaboramos en charlas y talleres para los alumnos y alumnas<\/li>\n\n\n\n<li>Apoyamos al Centro en la organizaci\u00f3n de viajes<\/li>\n\n\n\n<li>Formamos parte de la Asociaci\u00f3n Deportiva Ciudadela <a href=\"https:\/\/www.cdciudadela.es\/\">https:\/\/www.cdciudadela.es\/<\/a><\/li>\n<\/ul>\n<\/li>\n<\/ul>\n\n\n\n<p>\u00bf<strong>C\u00f3mo te haces soci@?<\/strong><\/p>\n\n\n\n<p>Con una \u00fanica cuota anual de 15\u20ac por familia, te convertir\u00e1s en socio de la apyma.<\/p>\n\n\n\n<p>Puedes ingresar tu cuota al n\u00ba de cuenta: ES83 3008 0145 2440 0139 2523<\/p>\n\n\n\n<p>Indica en el concepto el nombre, dos apellidos y curso de alguno de los hijos o hijas que est\u00e9n actualmente en el centro y env\u00edanos por favor copia del justificante al email: <a href=\"mailto:apymaplazadelacruz@gmail.com\">apymaplazadelacruz@gmail.com<\/a><\/p>\n\n\n\n<p><strong>\u00bfQu\u00e9 beneficios obtengo siendo familia socia?<\/strong><\/p>\n\n\n\n<ul class=\"wp-block-list\">\n<li>Formar parte activa de la Comunidad Educativa que has elegido para tus hijos\/as.\n<ul class=\"wp-block-list\">\n<li>Participar en las actividades que organiza la Apyma a un precio m\u00e1s econ\u00f3mico.<\/li>\n\n\n\n<li>Tener un altavoz y veh\u00edculo de comunicaci\u00f3n para tus sugerencias, comentarios, ideas.<\/li>\n\n\n\n<li>Estar informado de todos los temas en los que la Apyma interviene.<\/li>\n<\/ul>\n<\/li>\n<\/ul>\n\n\n\n<p>Si desea contactar con la Apyma para obtener m\u00e1s informaci\u00f3n o resolver cualquier duda, escriba un mensaje a la direcci\u00f3n de correo&nbsp;<a href=\"mailto:apymaplazadelacruz@gmail.com\"><strong>apymaplazadelacruz@gmail.com<\/strong><\/a><\/p>\n\n\n<table style=\"height: 273px;\" width=\"489\">\n<tbody>\n<tr>\n<td>\n<h5><b>Presidencia<\/b><\/h5>\n<\/td>\n<td>\n<h5><b>M\u00aa CANDELARIA HERRERA ALZU<\/b><\/h5>\n<\/td>\n<\/tr>\n<tr>\n<td>\n<h5><b>Vicepresidencia<\/b><\/h5>\n<\/td>\n<td>\n<h5><b>IZASKUN LANA ALONSO<\/b><\/h5>\n<\/td>\n<\/tr>\n<tr>\n<td>\n<h5><b>Secretar\u00eda<\/b><\/h5>\n<\/td>\n<td>\n<h5><b>BEL\u00c9N LASHERAS D\u00cdAZ<\/b><\/h5>\n<\/td>\n<\/tr>\n<tr>\n<td>\n<h5><b>Tesorer\u00eda<\/b><\/h5>\n<\/td>\n<td>\n<h5><b>ISABEL P\u00c9REZ-ILZARBE SERRANO<\/b><\/h5>\n<\/td>\n<\/tr>\n<\/tbody>\n<\/table>\n<p style=\"text-align: justify;\"><b>Consejo escolar: <\/b>M\u00aa Candelaria Herrera Alzu.<\/p>\n<p><strong>Vocal:<\/strong> Alicia Eg\u00fc\u00e9s.<\/p>\n<p style=\"text-align: justify;\"><b>ADC Ciudadela: <\/b>Bel\u00e9n Lasheras D\u00edaz.<\/p>\n<p><b>Comisi\u00f3n de convivencia: <\/b>Arc\u00e1ngel Manuel Garc\u00eda Mu\u00f1oz<\/p>\n<p style=\"text-align: justify;\"><span style=\"font-weight: 400;\">La Junta de la APYMA se re\u00fane una vez al mes durante el curso acad\u00e9mico. Cada a\u00f1o queda fijado el d\u00eda y hora en funci\u00f3n de las posibilidades de los miembros de la Junta.\u00a0<\/span><\/p>\n<p>\u00a1Te esperamos!<\/p>","protected":false},"excerpt":{"rendered":"<p>La Asociaci\u00f3n de Padres y Madres de alumnos del instituto Plaza de la Cruz de Pamplona (APYMA), es el \u00f3rgano representativo de las familias dentro del Centro. Como \u00f3rgano representativo, existe la figura de la Junta Directiva, la cual por medio de Presidencia, Vicepresidencia, Tesorer\u00eda, Secretar\u00eda y vocales, organiza las diferentes actividades de su competencia. [&hellip;]<\/p>\n","protected":false},"author":1,"featured_media":0,"parent":0,"menu_order":0,"comment_status":"closed","ping_status":"closed","template":"","meta":{"_genesis_hide_title":false,"_genesis_hide_breadcrumbs":false,"_genesis_hide_singular_image":false,"_genesis_hide_footer_widgets":false,"_genesis_custom_body_class":"","_genesis_custom_post_class":"","_genesis_layout":"","footnotes":""},"class_list":{"0":"post-1400","1":"page","2":"type-page","3":"status-publish","5":"entry"},"featured_image_src":null,"featured_image_src_square":null,"_links":{"self":[{"href":"https:\/\/iesplazadelacruz.educacion.navarra.es\/web1\/wp-json\/wp\/v2\/pages\/1400","targetHints":{"allow":["GET"]}}],"collection":[{"href":"https:\/\/iesplazadelacruz.educacion.navarra.es\/web1\/wp-json\/wp\/v2\/pages"}],"about":[{"href":"https:\/\/iesplazadelacruz.educacion.navarra.es\/web1\/wp-json\/wp\/v2\/types\/page"}],"author":[{"embeddable":true,"href":"https:\/\/iesplazadelacruz.educacion.navarra.es\/web1\/wp-json\/wp\/v2\/users\/1"}],"replies":[{"embeddable":true,"href":"https:\/\/iesplazadelacruz.educacion.navarra.es\/web1\/wp-json\/wp\/v2\/comments?post=1400"}],"version-history":[{"count":20,"href":"https:\/\/iesplazadelacruz.educacion.navarra.es\/web1\/wp-json\/wp\/v2\/pages\/1400\/revisions"}],"predecessor-version":[{"id":15922,"href":"https:\/\/iesplazadelacruz.educacion.navarra.es\/web1\/wp-json\/wp\/v2\/pages\/1400\/revisions\/15922"}],"wp:attachment":[{"href":"https:\/\/iesplazadelacruz.educacion.navarra.es\/web1\/wp-json\/wp\/v2\/media?parent=1400"}],"curies":[{"name":"wp","href":"https:\/\/api.w.org\/{rel}","templated":true}]}}