{"id":1384,"date":"2016-08-30T18:08:16","date_gmt":"2016-08-30T16:08:16","guid":{"rendered":"http:\/\/iesplazadelacruz.educacion.navarra.es\/web1\/?page_id=1384"},"modified":"2026-01-29T22:36:32","modified_gmt":"2026-01-29T21:36:32","slug":"consejo-escolar","status":"publish","type":"page","link":"https:\/\/iesplazadelacruz.educacion.navarra.es\/web1\/consejo-escolar\/","title":{"rendered":"Consejo Escolar"},"content":{"rendered":"<p style=\"text-align: left;\">El Consejo Escolar est\u00e1 constituido por los siguientes representantes:<\/p>\n<h5><strong>DEL<\/strong>\u00a0<strong>EQUIPO DIRECTIVO:<\/strong><\/h5>\n<p>Amaya Go\u00f1i Iturri, Directora<\/p>\n<p>I\u00f1igo Garc\u00eda Azp\u00edroz, Jefe de Estudios<\/p>\n<p>Guillermo Zufiaurre Mendoza, Secretario<\/p>\n<h5 style=\"text-align: left;\"><strong>DEL PROFESORADO:<\/strong><\/h5>\n<p>Patricia \u00c1riz Am\u00f3ztegui<\/p>\n<p>Eva Ruiz Navarro<\/p>\n<p>Roberto A\u00edsa Galar<\/p>\n<p>Felipe Besada Porto<\/p>\n<p>Ana Irisarri<\/p>\n<h5><strong>DE\u00a0LAS FAMILIAS:<\/strong><\/h5>\n<p>Nerea Ruiz<\/p>\n<p>Ana Isabel L\u00f3pez<\/p>\n<h5><strong>DE LA APYMA:<\/strong><\/h5>\n<p>Mar\u00eda Candelaria Herrera<\/p>\n<h5 style=\"text-align: left;\"><span style=\"font-size: 12.16px; line-height: 1.3em;\">\u00a0<\/span><strong>DEL ALUMNADO:<\/strong><\/h5>\n<p>Sof\u00eda Montori<\/p>\n<p>Eugen Chiriac<\/p>\n<p>Alexander Dorronsoro<\/p>\n<h5><strong>DEL PAS:<\/strong><\/h5>\n<p>Asunci\u00f3n Garc\u00eda Caballero<\/p>\n<h5 style=\"text-align: left;\"><strong>DEL AYUNTAMIENTO:<\/strong><\/h5>\n<p>Carlos Salvador Armend\u00e1riz<\/p>\n","protected":false},"excerpt":{"rendered":"<p>El Consejo Escolar est\u00e1 constituido por los siguientes representantes: DEL\u00a0EQUIPO DIRECTIVO: Amaya Go\u00f1i Iturri, Directora I\u00f1igo Garc\u00eda Azp\u00edroz, Jefe de Estudios Guillermo Zufiaurre Mendoza, Secretario DEL PROFESORADO: Patricia \u00c1riz Am\u00f3ztegui Eva Ruiz Navarro Roberto A\u00edsa Galar Felipe Besada Porto Ana Irisarri DE\u00a0LAS FAMILIAS: Nerea Ruiz Ana Isabel L\u00f3pez DE LA APYMA: Mar\u00eda Candelaria Herrera \u00a0DEL [&hellip;]<\/p>\n","protected":false},"author":1,"featured_media":0,"parent":0,"menu_order":0,"comment_status":"closed","ping_status":"closed","template":"","meta":{"_genesis_hide_title":false,"_genesis_hide_breadcrumbs":false,"_genesis_hide_singular_image":false,"_genesis_hide_footer_widgets":false,"_genesis_custom_body_class":"","_genesis_custom_post_class":"","_genesis_layout":"","footnotes":""},"class_list":{"0":"post-1384","1":"page","2":"type-page","3":"status-publish","5":"entry"},"featured_image_src":null,"featured_image_src_square":null,"_links":{"self":[{"href":"https:\/\/iesplazadelacruz.educacion.navarra.es\/web1\/wp-json\/wp\/v2\/pages\/1384","targetHints":{"allow":["GET"]}}],"collection":[{"href":"https:\/\/iesplazadelacruz.educacion.navarra.es\/web1\/wp-json\/wp\/v2\/pages"}],"about":[{"href":"https:\/\/iesplazadelacruz.educacion.navarra.es\/web1\/wp-json\/wp\/v2\/types\/page"}],"author":[{"embeddable":true,"href":"https:\/\/iesplazadelacruz.educacion.navarra.es\/web1\/wp-json\/wp\/v2\/users\/1"}],"replies":[{"embeddable":true,"href":"https:\/\/iesplazadelacruz.educacion.navarra.es\/web1\/wp-json\/wp\/v2\/comments?post=1384"}],"version-history":[{"count":23,"href":"https:\/\/iesplazadelacruz.educacion.navarra.es\/web1\/wp-json\/wp\/v2\/pages\/1384\/revisions"}],"predecessor-version":[{"id":15912,"href":"https:\/\/iesplazadelacruz.educacion.navarra.es\/web1\/wp-json\/wp\/v2\/pages\/1384\/revisions\/15912"}],"wp:attachment":[{"href":"https:\/\/iesplazadelacruz.educacion.navarra.es\/web1\/wp-json\/wp\/v2\/media?parent=1384"}],"curies":[{"name":"wp","href":"https:\/\/api.w.org\/{rel}","templated":true}]}}