{"id":10365,"date":"2022-02-17T13:27:57","date_gmt":"2022-02-17T12:27:57","guid":{"rendered":"https:\/\/iesplazadelacruz.educacion.navarra.es\/web1\/?page_id=10365"},"modified":"2022-02-17T14:54:42","modified_gmt":"2022-02-17T13:54:42","slug":"obras-1980-2011","status":"publish","type":"page","link":"https:\/\/iesplazadelacruz.educacion.navarra.es\/web1\/obras-1980-2011\/","title":{"rendered":"OBRAS (1980-2011)"},"content":{"rendered":"\n<p>Citar las obras y publicar unas fotos no es contar la historia del Taller.&nbsp;Esa historia la entretejen sus&nbsp;<strong>protagonistas<\/strong>, los cientos de alumnos y alumnas que recuerdan las an\u00e9cdotas, los ensayos, los montajes, los estrenos, el primer d\u00eda y el \u00faltimo. Quiz\u00e1 las l\u00e1grimas de la despedida pero, sobre todo, las&nbsp;<strong>alegr\u00edas&nbsp;<\/strong>compartidas.<\/p>\n\n\n\n<h2 class=\"wp-block-heading\" id=\"1980-2009\">1980-2009<\/h2>\n\n\n\n<p>1 &#8211; La casa de Bernarda Alba (1980 &#8211; 1981)<br>2 &#8211; Hoy es fiesta (1981 &#8211; 1982)<br>3 &#8211; El sue\u00f1o de una noche de verano (1982 &#8211; 1983)<br>4 &#8211; La estratosfera &#8211; La fuente del arc\u00e1ngel (1983 &#8211; 1984)<br>5 &#8211; Ant\u00edgona (1984 &#8211; 1985)<br>6 &#8211; Los peces rojos (1985 &#8211; 1986)<br>7 &#8211; Farsa infantil de la cabeza del drag\u00f3n (1986 &#8211; 1987)<br>8 &#8211; El milagro se San Antonio &#8211; El maestro (1987 &#8211; 1988)<br>9 &#8211; Los \u00faltimos d\u00edas de soledad de Robinson Crusoe (1988 &#8211; 1989)<br>10 &#8211; Seis personajes en busca de autor (1989 &#8211; 1990)<br>11 &#8211; Historia de una escalera (1990 &#8211; 1991)<br>12 &#8211; Angelina (1991 &#8211; 1992)<br>13 &#8211; Las brujas de Salem (1992 &#8211; 1993)<br>14 &#8211; Bodas de sangre (1993 &#8211; 1994)<br>15 &#8211; La llave de la verdad (1994 &#8211; 1995)<br>16 &#8211; Hoy es fiesta (1995 &#8211; 1996)<br>17 &#8211; La comedia de las equivocaciones (1996 &#8211; 1997)<br>18 &#8211; El sue\u00f1o de una noche de verano (1997 &#8211; 1998)<br>19 &#8211; San Juan (1998 &#8211; 1999)<br>20 &#8211; El m\u00e9dico a palos (1999 &#8211; 2000)<br>21 &#8211; Burla burlando (2000 &#8211; 2001)<br>22 &#8211; La casa de Bernarda Alba (2001 &#8211; 2002)<br>23 &#8211; Amor enamorado (2002 &#8211; 2003)<br>24 &#8211; Maribel y la extra\u00f1a familia (2003 &#8211; 2004)<br>25 &#8211; El sue\u00f1o&#8230;. de una tarde de teatro (2004 &#8211; 2005)<br>26 &#8211; Cr\u00f3nicas maestras (2005 &#8211; 2006)<br>27 &#8211; En la ardiente oscuridad (2006 &#8211; 2007)<br>28 &#8211; Los dos hidalgos de Verona (2007 &#8211; 2008)<br>29 &#8211; Ant\u00edgona (2008 &#8211; 2009)<\/p>\n\n\n\n<h2 class=\"wp-block-heading\" id=\"30-a-las-cinco-menos-cuarto-y-puntuales-2009-2010\">30 &#8211; A LAS CINCO MENOS CUARTO \u00a1Y PUNTUALES! (2009-2010)<\/h2>\n\n\n\n<p><strong>Celebrando el treinta aniversario.<\/strong><\/p>\n\n\n\n<p>Con esta obra, escrita por los alumnos, el Taller celebr\u00f3 su&nbsp;<strong>30 aniversario.<\/strong><\/p>\n\n\n\n<p>El t\u00edtulo hace referencia a la frase m\u00e1s repetida por Mari Jose, cuando convocaba a los alumnos para el siguiente ensayo.<\/p>\n\n\n\n<p>Los&nbsp;<strong>actores&nbsp;<\/strong>recuerdan con cari\u00f1o la gran cantidad de&nbsp;<em>morcillas (<\/em>frases improvisadas el d\u00eda de la representaci\u00f3n) que dijeron sin pedir permiso a Mari Jose. Algo que suele divertir mucho a los chicos, pero no tanto al director, que los observa desde el fondo, sin poder hacer nada.<\/p>\n\n\n\n<h2 class=\"wp-block-heading\" id=\"31-bodas-de-sangre-2010-2011\">31 &#8211; BODAS DE SANGRE\u00a0(2010 &#8211; 2011)<\/h2>\n\n\n\n<p>Tragedia. As\u00ed lo calific\u00f3 el propio Lorca y, ciertamente, Bodas de Sangre recoge la esencia de la tragedia cl\u00e1sica: el sentimiento de que hay, en la naturaleza y en el hombre, fuerzas ocultas y no controlables que, cuando se manifiestan, nos encaminan a la destrucci\u00f3n.<\/p>\n\n\n\n<p>Y no hay fuerza mayor que la de la pasi\u00f3n amorosa que, al verse frustrada por los condicionamientos sociales, arrastra a los personajes de la obra a un destino tr\u00e1gico.<\/p>\n","protected":false},"excerpt":{"rendered":"<p>Citar las obras y publicar unas fotos no es contar la historia del Taller.&nbsp;Esa historia la entretejen sus&nbsp;protagonistas, los cientos de alumnos y alumnas que recuerdan las an\u00e9cdotas, los ensayos, los montajes, los estrenos, el primer d\u00eda y el \u00faltimo. Quiz\u00e1 las l\u00e1grimas de la despedida pero, sobre todo, las&nbsp;alegr\u00edas&nbsp;compartidas. 1980-2009 1 &#8211; La casa [&hellip;]<\/p>\n","protected":false},"author":1,"featured_media":0,"parent":0,"menu_order":0,"comment_status":"closed","ping_status":"closed","template":"","meta":{"_genesis_hide_title":false,"_genesis_hide_breadcrumbs":false,"_genesis_hide_singular_image":false,"_genesis_hide_footer_widgets":false,"_genesis_custom_body_class":"","_genesis_custom_post_class":"","_genesis_layout":"","footnotes":""},"class_list":{"0":"post-10365","1":"page","2":"type-page","3":"status-publish","5":"entry"},"featured_image_src":null,"featured_image_src_square":null,"_links":{"self":[{"href":"https:\/\/iesplazadelacruz.educacion.navarra.es\/web1\/wp-json\/wp\/v2\/pages\/10365","targetHints":{"allow":["GET"]}}],"collection":[{"href":"https:\/\/iesplazadelacruz.educacion.navarra.es\/web1\/wp-json\/wp\/v2\/pages"}],"about":[{"href":"https:\/\/iesplazadelacruz.educacion.navarra.es\/web1\/wp-json\/wp\/v2\/types\/page"}],"author":[{"embeddable":true,"href":"https:\/\/iesplazadelacruz.educacion.navarra.es\/web1\/wp-json\/wp\/v2\/users\/1"}],"replies":[{"embeddable":true,"href":"https:\/\/iesplazadelacruz.educacion.navarra.es\/web1\/wp-json\/wp\/v2\/comments?post=10365"}],"version-history":[{"count":2,"href":"https:\/\/iesplazadelacruz.educacion.navarra.es\/web1\/wp-json\/wp\/v2\/pages\/10365\/revisions"}],"predecessor-version":[{"id":10383,"href":"https:\/\/iesplazadelacruz.educacion.navarra.es\/web1\/wp-json\/wp\/v2\/pages\/10365\/revisions\/10383"}],"wp:attachment":[{"href":"https:\/\/iesplazadelacruz.educacion.navarra.es\/web1\/wp-json\/wp\/v2\/media?parent=10365"}],"curies":[{"name":"wp","href":"https:\/\/api.w.org\/{rel}","templated":true}]}}