{"id":177,"date":"2022-01-17T12:47:14","date_gmt":"2022-01-17T11:47:14","guid":{"rendered":"https:\/\/iesplazadelacruz.educacion.navarra.es\/web1\/revista\/?page_id=177"},"modified":"2022-01-22T22:48:34","modified_gmt":"2022-01-22T21:48:34","slug":"como-participar","status":"publish","type":"page","link":"https:\/\/iesplazadelacruz.educacion.navarra.es\/web1\/revista\/como-participar\/","title":{"rendered":"\u00bfC\u00d3MO PARTICIPAR?"},"content":{"rendered":"\n<div class=\"wp-block-media-text alignwide is-stacked-on-mobile\" style=\"grid-template-columns:52% auto\"><figure class=\"wp-block-media-text__media\"><img loading=\"lazy\" decoding=\"async\" width=\"398\" height=\"175\" src=\"https:\/\/iesplazadelacruz.educacion.navarra.es\/web1\/revista\/wp-content\/uploads\/sites\/3\/2022\/01\/Screenshot-2021-10-21-5.28.26-PM-1.png\" alt=\"\" class=\"wp-image-167 size-full\" srcset=\"https:\/\/iesplazadelacruz.educacion.navarra.es\/web1\/revista\/wp-content\/uploads\/sites\/3\/2022\/01\/Screenshot-2021-10-21-5.28.26-PM-1.png 398w, https:\/\/iesplazadelacruz.educacion.navarra.es\/web1\/revista\/wp-content\/uploads\/sites\/3\/2022\/01\/Screenshot-2021-10-21-5.28.26-PM-1-300x132.png 300w\" sizes=\"auto, (max-width: 398px) 100vw, 398px\" \/><\/figure><div class=\"wp-block-media-text__content\">\n<p><strong>Aqu\u00ed tienes algunas recomendaciones antes de participar: <\/strong><\/p>\n\n\n\n<p>\u25cf Piensa en lo que quieres contar e intenta captar el inter\u00e9s de los lectores. <\/p>\n\n\n\n<p>\u25cf Procura que las intervenciones no sean demasiado extensas.&nbsp;<\/p>\n\n\n\n<p>\u25cf Busca siempre la claridad en la expresi\u00f3n.&nbsp;<\/p>\n\n\n\n<p>\u25cf Innova y s\u00e9 creativo: l\u00e1nzate a explorar otros formatos m\u00e1s audiovisuales.&nbsp;<\/p>\n\n\n\n<p>\u25cf Piensa en un t\u00edtulo y im\u00e1gen de portada bonito para que la gente lea tu art\u00edculo<\/p>\n<\/div><\/div>\n\n\n\n<p class=\"has-text-align-center\"><strong>Pasos para publicar:<\/strong><\/p>\n\n\n\n<p><\/p>\n\n\n\n<p>\u25cf Escribe un correo a la direcci\u00f3n: <a href=\"https:\/\/mail.google.com\/mail\/u\/0\/?fs=1&amp;tf=cm&amp;source=mailto&amp;to=iesplaza-revista@educacion.navarra.es\" data-type=\"URL\" data-id=\"https:\/\/mail.google.com\/mail\/u\/0\/?fs=1&amp;tf=cm&amp;source=mailto&amp;to=iesplaza-revista@educacion.navarra.es\"><strong>iesplaza-revista@educacion.navarra.es<\/strong> <\/a><\/p>\n\n\n\n<p>\u25cf Pon un t\u00edtulo, tu nombre y a que secci\u00f3n pertenece<\/p>\n\n\n\n<p>\u25cf Adjunta tu v\u00eddeo, texto&#8230;.<\/p>\n\n\n\n<p>\u25cf Recuerda que en caso de que tu art\u00edculo sea de texto<strong> tienes que adjuntar una imagen sobre el tema y libre<\/strong> <strong>de derechos<\/strong><\/p>\n","protected":false},"excerpt":{"rendered":"<p>Aqu\u00ed tienes algunas recomendaciones antes de participar: \u25cf Piensa en lo que quieres contar e intenta captar el inter\u00e9s de los lectores. \u25cf Procura que las intervenciones no sean demasiado extensas.&nbsp; \u25cf Busca siempre la claridad en la expresi\u00f3n.&nbsp; \u25cf Innova y s\u00e9 creativo: l\u00e1nzate a explorar otros formatos m\u00e1s audiovisuales.&nbsp; \u25cf Piensa en un [&hellip;]<\/p>\n","protected":false},"author":395,"featured_media":0,"parent":0,"menu_order":0,"comment_status":"closed","ping_status":"closed","template":"","meta":{"_genesis_hide_title":false,"_genesis_hide_breadcrumbs":false,"_genesis_hide_singular_image":false,"_genesis_hide_footer_widgets":false,"_genesis_custom_body_class":"","_genesis_custom_post_class":"","_genesis_layout":"","footnotes":""},"class_list":{"0":"post-177","1":"page","2":"type-page","3":"status-publish","5":"entry"},"featured_image_src":null,"featured_image_src_square":null,"_links":{"self":[{"href":"https:\/\/iesplazadelacruz.educacion.navarra.es\/web1\/revista\/wp-json\/wp\/v2\/pages\/177","targetHints":{"allow":["GET"]}}],"collection":[{"href":"https:\/\/iesplazadelacruz.educacion.navarra.es\/web1\/revista\/wp-json\/wp\/v2\/pages"}],"about":[{"href":"https:\/\/iesplazadelacruz.educacion.navarra.es\/web1\/revista\/wp-json\/wp\/v2\/types\/page"}],"author":[{"embeddable":true,"href":"https:\/\/iesplazadelacruz.educacion.navarra.es\/web1\/revista\/wp-json\/wp\/v2\/users\/395"}],"replies":[{"embeddable":true,"href":"https:\/\/iesplazadelacruz.educacion.navarra.es\/web1\/revista\/wp-json\/wp\/v2\/comments?post=177"}],"version-history":[{"count":5,"href":"https:\/\/iesplazadelacruz.educacion.navarra.es\/web1\/revista\/wp-json\/wp\/v2\/pages\/177\/revisions"}],"predecessor-version":[{"id":188,"href":"https:\/\/iesplazadelacruz.educacion.navarra.es\/web1\/revista\/wp-json\/wp\/v2\/pages\/177\/revisions\/188"}],"wp:attachment":[{"href":"https:\/\/iesplazadelacruz.educacion.navarra.es\/web1\/revista\/wp-json\/wp\/v2\/media?parent=177"}],"curies":[{"name":"wp","href":"https:\/\/api.w.org\/{rel}","templated":true}]}}