{"id":69,"date":"2026-03-18T11:44:36","date_gmt":"2026-03-18T10:44:36","guid":{"rendered":"https:\/\/iesplazadelacruz.educacion.navarra.es\/web1\/jornadasdeinstitutoshistoricos\/?page_id=69"},"modified":"2026-03-18T11:44:37","modified_gmt":"2026-03-18T10:44:37","slug":"comunicaciones","status":"publish","type":"page","link":"https:\/\/iesplazadelacruz.educacion.navarra.es\/web1\/jornadasdeinstitutoshistoricos\/comunicaciones\/","title":{"rendered":"COMUNICACIONES"},"content":{"rendered":"\n<p>Las comunicaciones se deben enviar por correo electr\u00f3nico a d0830103@educacion.navarra.es antes del 30 de abril y deben ir acompa\u00f1adas de un T\u00cdTULO y un peque\u00f1o RESUMEN.<\/p>\n\n\n\n<p>Os recordamos las normas de presentaci\u00f3n de las comunicaciones:<\/p>\n\n\n\n<p><strong>ADMISI\u00d3N<\/strong>: Solo se admitir\u00e1n comunicaciones firmadas por participantes que hayan formalizado su inscripci\u00f3n en las Jornadas y tengan la condici\u00f3n de socio\/a de la ANDPIH.<\/p>\n\n\n\n<p><strong>TEM\u00c1TICA<\/strong>: Las comunicaciones se referir\u00e1n al patrimonio de los institutos hist\u00f3ricos. Se priorizar\u00e1n los temas innovadores y de inter\u00e9s com\u00fan para el patrimonio del resto de institutos, las actuaciones en el \u00faltimo a\u00f1o sobre el patrimonio, el material bibliogr\u00e1fico, cient\u00edfico, etc. No se aceptar\u00e1n exposiciones que reiteren temas de ediciones anteriores o que sean subdivisiones de un mismo tema.<\/p>\n\n\n\n<p><strong>ACEPTACI\u00d3N<\/strong>: La organizaci\u00f3n enviar\u00e1 un email de confirmaci\u00f3n. Si hay un excesivo n\u00famero de solicitudes se podr\u00e1 restringir a una \u00fanica aceptaci\u00f3n por instituto.<\/p>\n\n\n\n<p><strong>FORMATO<\/strong>: Las comunicaciones se enviar\u00e1n en formato .pdf y con una extensi\u00f3n m\u00e1xima de 10 p\u00e1ginas, letra Arial 12 e interlineado de 1,15.<\/p>\n\n\n\n<p><strong>CONTENIDO<\/strong>: En las comunicaciones figurar\u00e1n claramente los siguientes datos:<br>&#8211;\u00a0Nombre y apellidos\u00a0del autor o autores<br>&#8211;\u00a0Nombre del centro\u00a0o instituci\u00f3n a la que pertenece<br>&#8211;\u00a0Breve resumen\u00a0del contenido, entre\u00a05 y 7 l\u00edneas<\/p>\n\n\n\n<p><strong>TEXTO FINAL<\/strong>: Se enviar\u00e1 respondiendo al correo de aceptaci\u00f3n recibido. Si los archivos adjuntos superan los\u00a020 Mb se\u00a0recomienda el uso de plataformas como WeTransfer.<\/p>\n\n\n\n<p><strong>PONENCIA<\/strong>: Las comunicaciones ser\u00e1n presentadas por su\/s autor\/es durante las Jornadas. De forma excepcional se podr\u00e1n enviar comunicaciones previamente grabadas.<\/p>\n\n\n\n<p><strong>DURACI\u00d3N<\/strong>: La ponencia\u00a0dispondr\u00e1 de un tiempo\u00a0m\u00e1ximo de 15 minutos con un periodo posterior de 5 minutos para preguntas.<\/p>\n","protected":false},"excerpt":{"rendered":"<p>Las comunicaciones se deben enviar por correo electr\u00f3nico a d0830103@educacion.navarra.es antes del 30 de abril y deben ir acompa\u00f1adas de un T\u00cdTULO y un peque\u00f1o RESUMEN. Os recordamos las normas de presentaci\u00f3n de las comunicaciones: ADMISI\u00d3N: Solo se admitir\u00e1n comunicaciones &hellip; <a href=\"https:\/\/iesplazadelacruz.educacion.navarra.es\/web1\/jornadasdeinstitutoshistoricos\/comunicaciones\/\">Sigue leyendo <span class=\"meta-nav\">&rarr;<\/span><\/a><\/p>\n","protected":false},"author":1,"featured_media":0,"parent":0,"menu_order":0,"comment_status":"closed","ping_status":"closed","template":"","meta":{"footnotes":""},"class_list":["post-69","page","type-page","status-publish","hentry"],"featured_image_src":null,"featured_image_src_square":null,"_links":{"self":[{"href":"https:\/\/iesplazadelacruz.educacion.navarra.es\/web1\/jornadasdeinstitutoshistoricos\/wp-json\/wp\/v2\/pages\/69","targetHints":{"allow":["GET"]}}],"collection":[{"href":"https:\/\/iesplazadelacruz.educacion.navarra.es\/web1\/jornadasdeinstitutoshistoricos\/wp-json\/wp\/v2\/pages"}],"about":[{"href":"https:\/\/iesplazadelacruz.educacion.navarra.es\/web1\/jornadasdeinstitutoshistoricos\/wp-json\/wp\/v2\/types\/page"}],"author":[{"embeddable":true,"href":"https:\/\/iesplazadelacruz.educacion.navarra.es\/web1\/jornadasdeinstitutoshistoricos\/wp-json\/wp\/v2\/users\/1"}],"replies":[{"embeddable":true,"href":"https:\/\/iesplazadelacruz.educacion.navarra.es\/web1\/jornadasdeinstitutoshistoricos\/wp-json\/wp\/v2\/comments?post=69"}],"version-history":[{"count":1,"href":"https:\/\/iesplazadelacruz.educacion.navarra.es\/web1\/jornadasdeinstitutoshistoricos\/wp-json\/wp\/v2\/pages\/69\/revisions"}],"predecessor-version":[{"id":70,"href":"https:\/\/iesplazadelacruz.educacion.navarra.es\/web1\/jornadasdeinstitutoshistoricos\/wp-json\/wp\/v2\/pages\/69\/revisions\/70"}],"wp:attachment":[{"href":"https:\/\/iesplazadelacruz.educacion.navarra.es\/web1\/jornadasdeinstitutoshistoricos\/wp-json\/wp\/v2\/media?parent=69"}],"curies":[{"name":"wp","href":"https:\/\/api.w.org\/{rel}","templated":true}]}}