{"id":64,"date":"2026-03-18T11:17:02","date_gmt":"2026-03-18T10:17:02","guid":{"rendered":"https:\/\/iesplazadelacruz.educacion.navarra.es\/web1\/jornadasdeinstitutoshistoricos\/?page_id=64"},"modified":"2026-03-18T12:20:31","modified_gmt":"2026-03-18T11:20:31","slug":"inscripcion","status":"publish","type":"page","link":"https:\/\/iesplazadelacruz.educacion.navarra.es\/web1\/jornadasdeinstitutoshistoricos\/inscripcion\/","title":{"rendered":"INSCRIPCI\u00d3N"},"content":{"rendered":"\n<p>Si quieres acompa\u00f1arnos durante las Jornadas, puedes inscribirte, antes del 15 de mayo, rellenando este <a href=\"https:\/\/docs.google.com\/forms\/d\/e\/1FAIpQLSddSma2RG0qHpT7FWOUppfTgPNm6QXEPkplafnmx2f8vmIeFA\/viewform\">formulario<\/a>.<\/p>\n\n\n\n<p>La cuota de inscripci\u00f3n es de 75 euros para los socios de la ANDPIH y de 150 euros para los no socios. El pago se har\u00e1 mediante transferencia bancaria a este n\u00famero de cuenta de CaixaBank:<\/p>\n\n\n\n<p>IBAN: ES10 2100 5305 9902 0011 3769 <\/p>\n\n\n\n<p>Titular: Amaya Go\u00f1i Iturri<\/p>\n\n\n\n<p>Concepto: JORNADAS + NOMBRE Y APELLIDOS del asistente.<\/p>\n\n\n\n<p>Una vez efectuado el pago, se deber\u00e1 enviar un correo electr\u00f3nico con el justificante de pago a d0830103@educacion.navarra.es.<\/p>\n\n\n\n<p><\/p>\n","protected":false},"excerpt":{"rendered":"<p>Si quieres acompa\u00f1arnos durante las Jornadas, puedes inscribirte, antes del 15 de mayo, rellenando este formulario. La cuota de inscripci\u00f3n es de 75 euros para los socios de la ANDPIH y de 150 euros para los no socios. El pago &hellip; <a href=\"https:\/\/iesplazadelacruz.educacion.navarra.es\/web1\/jornadasdeinstitutoshistoricos\/inscripcion\/\">Sigue leyendo <span class=\"meta-nav\">&rarr;<\/span><\/a><\/p>\n","protected":false},"author":1,"featured_media":0,"parent":0,"menu_order":0,"comment_status":"closed","ping_status":"closed","template":"","meta":{"footnotes":""},"class_list":["post-64","page","type-page","status-publish","hentry"],"featured_image_src":null,"featured_image_src_square":null,"_links":{"self":[{"href":"https:\/\/iesplazadelacruz.educacion.navarra.es\/web1\/jornadasdeinstitutoshistoricos\/wp-json\/wp\/v2\/pages\/64","targetHints":{"allow":["GET"]}}],"collection":[{"href":"https:\/\/iesplazadelacruz.educacion.navarra.es\/web1\/jornadasdeinstitutoshistoricos\/wp-json\/wp\/v2\/pages"}],"about":[{"href":"https:\/\/iesplazadelacruz.educacion.navarra.es\/web1\/jornadasdeinstitutoshistoricos\/wp-json\/wp\/v2\/types\/page"}],"author":[{"embeddable":true,"href":"https:\/\/iesplazadelacruz.educacion.navarra.es\/web1\/jornadasdeinstitutoshistoricos\/wp-json\/wp\/v2\/users\/1"}],"replies":[{"embeddable":true,"href":"https:\/\/iesplazadelacruz.educacion.navarra.es\/web1\/jornadasdeinstitutoshistoricos\/wp-json\/wp\/v2\/comments?post=64"}],"version-history":[{"count":4,"href":"https:\/\/iesplazadelacruz.educacion.navarra.es\/web1\/jornadasdeinstitutoshistoricos\/wp-json\/wp\/v2\/pages\/64\/revisions"}],"predecessor-version":[{"id":76,"href":"https:\/\/iesplazadelacruz.educacion.navarra.es\/web1\/jornadasdeinstitutoshistoricos\/wp-json\/wp\/v2\/pages\/64\/revisions\/76"}],"wp:attachment":[{"href":"https:\/\/iesplazadelacruz.educacion.navarra.es\/web1\/jornadasdeinstitutoshistoricos\/wp-json\/wp\/v2\/media?parent=64"}],"curies":[{"name":"wp","href":"https:\/\/api.w.org\/{rel}","templated":true}]}}