{"id":49,"date":"2026-03-17T19:59:57","date_gmt":"2026-03-17T18:59:57","guid":{"rendered":"https:\/\/iesplazadelacruz.educacion.navarra.es\/web1\/jornadasdeinstitutoshistoricos\/?page_id=49"},"modified":"2026-03-30T10:33:59","modified_gmt":"2026-03-30T08:33:59","slug":"informacion-de-interes","status":"publish","type":"page","link":"https:\/\/iesplazadelacruz.educacion.navarra.es\/web1\/jornadasdeinstitutoshistoricos\/informacion-de-interes\/","title":{"rendered":"INFORMACI\u00d3N DE INTER\u00c9S"},"content":{"rendered":"\n<p><strong>ALOJAMIENTO<\/strong><\/p>\n\n\n\n<p>La organizaci\u00f3n ha reservado alojamiento para los asistentes en la <a href=\"https:\/\/maps.app.goo.gl\/ManE4YL96F1fSrZH8\">Residencia Camplus Pamplona La Campana<\/a>, que est\u00e1 a 300 metros del <a href=\"https:\/\/maps.app.goo.gl\/15taPxbMJqZhCTAE6\">IES Plaza de la Cruz<\/a>.<\/p>\n\n\n\n<p>El precio del alojamiento con desayuno es de y 36 euros por persona y d\u00eda en habitaci\u00f3n individual y de 33 euros por d\u00eda en habitaci\u00f3n individual. La reserva se puede hacer mandando un correo electr\u00f3nico a iziar.asiain@camplus.es. En caso de duda, el tel\u00e9fono de contacto del alojamiento es 948 03 01 00.<\/p>\n\n\n\n<p>Como les indicar\u00e1n, el importe total de la misma se abonar\u00e1 mediante transferencia bancaria a ES85 2080 3618 8330 4004 4610 (ABANCA). Una vez hecha la transferencia, debe enviarse justificante de la misma junto con una copia del DNI a la misma direcci\u00f3n de correo.<\/p>\n\n\n\n<p><em>Una vez realizada la reserva, \u00e9sta no es reembolsable.<\/em><\/p>\n\n\n\n<p>En este enlace pod\u00e9is consultar la <a href=\"https:\/\/camplus.es\/residencia-de-estudiantes-en-pamplona\/\">p\u00e1gina web<\/a> del alojamiento.<\/p>\n\n\n\n<p><strong>APARCAMIENTO<\/strong><\/p>\n\n\n\n<p>Si os desplaz\u00e1is hasta Pamplona en coche, tened en cuenta que tanto el alojamiento como el instituto est\u00e1n en zona de aparcamiento restringido (zona azul). Aqu\u00ed ten\u00e9is opciones de aparcamiento alternativas:<\/p>\n\n\n\n<ul class=\"wp-block-list\">\n<li><a href=\"https:\/\/www.pamplona.es\/entidades\/aparcamiento-carlos-iii\">Parking<\/a> privado de la Avenida Carlos III (500 m del alojamiento)<\/li>\n\n\n\n<li><a href=\"https:\/\/www.pamplona.es\/entidades\/aparcamiento-disuasorio-arrosadia\">Parking<\/a> disuasorio de Arrosad\u00eda (1 km del alojamiento)<\/li>\n\n\n\n<li><a href=\"https:\/\/share.google\/X2uVhPfd9O9gbVIX8\">Parking<\/a> gratuito del campus de Arrosad\u00eda de la Universidad P\u00fablica de Navarra (UPNA) (1,3 km del alojamiento)<\/li>\n<\/ul>\n","protected":false},"excerpt":{"rendered":"<p>ALOJAMIENTO La organizaci\u00f3n ha reservado alojamiento para los asistentes en la Residencia Camplus Pamplona La Campana, que est\u00e1 a 300 metros del IES Plaza de la Cruz. El precio del alojamiento con desayuno es de y 36 euros por persona &hellip; <a href=\"https:\/\/iesplazadelacruz.educacion.navarra.es\/web1\/jornadasdeinstitutoshistoricos\/informacion-de-interes\/\">Sigue leyendo <span class=\"meta-nav\">&rarr;<\/span><\/a><\/p>\n","protected":false},"author":1,"featured_media":0,"parent":0,"menu_order":0,"comment_status":"closed","ping_status":"closed","template":"","meta":{"footnotes":""},"class_list":["post-49","page","type-page","status-publish","hentry"],"featured_image_src":null,"featured_image_src_square":null,"_links":{"self":[{"href":"https:\/\/iesplazadelacruz.educacion.navarra.es\/web1\/jornadasdeinstitutoshistoricos\/wp-json\/wp\/v2\/pages\/49","targetHints":{"allow":["GET"]}}],"collection":[{"href":"https:\/\/iesplazadelacruz.educacion.navarra.es\/web1\/jornadasdeinstitutoshistoricos\/wp-json\/wp\/v2\/pages"}],"about":[{"href":"https:\/\/iesplazadelacruz.educacion.navarra.es\/web1\/jornadasdeinstitutoshistoricos\/wp-json\/wp\/v2\/types\/page"}],"author":[{"embeddable":true,"href":"https:\/\/iesplazadelacruz.educacion.navarra.es\/web1\/jornadasdeinstitutoshistoricos\/wp-json\/wp\/v2\/users\/1"}],"replies":[{"embeddable":true,"href":"https:\/\/iesplazadelacruz.educacion.navarra.es\/web1\/jornadasdeinstitutoshistoricos\/wp-json\/wp\/v2\/comments?post=49"}],"version-history":[{"count":4,"href":"https:\/\/iesplazadelacruz.educacion.navarra.es\/web1\/jornadasdeinstitutoshistoricos\/wp-json\/wp\/v2\/pages\/49\/revisions"}],"predecessor-version":[{"id":89,"href":"https:\/\/iesplazadelacruz.educacion.navarra.es\/web1\/jornadasdeinstitutoshistoricos\/wp-json\/wp\/v2\/pages\/49\/revisions\/89"}],"wp:attachment":[{"href":"https:\/\/iesplazadelacruz.educacion.navarra.es\/web1\/jornadasdeinstitutoshistoricos\/wp-json\/wp\/v2\/media?parent=49"}],"curies":[{"name":"wp","href":"https:\/\/api.w.org\/{rel}","templated":true}]}}