{"id":465,"date":"2018-10-31T12:28:25","date_gmt":"2018-10-31T12:28:25","guid":{"rendered":"https:\/\/iesplazadelacruz.educacion.navarra.es\/web1\/geografiaehistoria\/?page_id=465"},"modified":"2019-04-29T09:17:33","modified_gmt":"2019-04-29T09:17:33","slug":"geografia-de-espana","status":"publish","type":"page","link":"https:\/\/iesplazadelacruz.educacion.navarra.es\/web1\/geografiaehistoria\/geografia-de-espana\/","title":{"rendered":"Geograf\u00eda de Espa\u00f1a"},"content":{"rendered":"<ul>\n<li style=\"list-style-type: none\">\n<ul>\n<li><a href=\"https:\/\/iesplazadelacruz.educacion.navarra.es\/web1\/geografiaehistoria\/2018\/10\/16\/hoja-presentacion-geografia-espana\/\"><strong>Hoja de presentaci\u00f3n<\/strong><\/a><\/li>\n<li><a href=\"https:\/\/iesplazadelacruz.educacion.navarra.es\/web1\/geografiaehistoria\/wp-content\/uploads\/sites\/2\/2018\/11\/Conceptos-geograficos1.doc\" target=\"_blank\" rel=\"noopener noreferrer\"><strong>Conceptos geogr\u00e1ficos-Vocabulario<\/strong><\/a><\/li>\n<li><strong>Temas 1-2: Introducci\u00f3n a la asignatura<\/strong><\/li>\n<li><strong>Tema 3. Caracter\u00edsticas generales del relieve espa\u00f1ol y navarro<\/strong>: <strong><a href=\"https:\/\/iesplazadelacruz.educacion.navarra.es\/web1\/geografiaehistoria\/2018\/10\/23\/evolucion-geologica\/\">La evoluci\u00f3n geol\u00f3gica<\/a>, <a href=\"https:\/\/iesplazadelacruz.educacion.navarra.es\/web1\/geografiaehistoria\/2018\/10\/23\/modelado-siliceo\/\">Modelado silicio<\/a>, <a href=\"https:\/\/iesplazadelacruz.educacion.navarra.es\/web1\/geografiaehistoria\/2018\/10\/23\/modelado-calizo-y-arcilloso\/\">Modelado calizo\u00a0y arcilloso<\/a><\/strong><\/li>\n<li><strong>Tema 4: Unidades de Relieve<\/strong><a href=\"https:\/\/iesplazadelacruz.educacion.navarra.es\/web1\/geografiaehistoria\/2018\/10\/23\/la-meseta\/\"><strong>:<\/strong> <strong>La Meseta,<\/strong><\/a><strong>\u00a0<a href=\"https:\/\/iesplazadelacruz.educacion.navarra.es\/web1\/geografiaehistoria\/2018\/10\/23\/rebordes-montanosos\/\">Los rebordes monta\u00f1osos<\/a>, <a href=\"https:\/\/iesplazadelacruz.educacion.navarra.es\/web1\/geografiaehistoria\/2018\/11\/06\/depresiones-exteriores-a-la-meseta\/\">Depresiones exteriores,<\/a> <a href=\"https:\/\/iesplazadelacruz.educacion.navarra.es\/web1\/geografiaehistoria\/2018\/10\/23\/sistemas-exteriores-montanosos-exteriores-a-la-meseta\/\">Cordilleras exteriores,<\/a> <a href=\"https:\/\/iesplazadelacruz.educacion.navarra.es\/web1\/geografiaehistoria\/2018\/10\/30\/relieve-de-navarra\/\">Relieve de Navarra,<\/a> <a href=\"https:\/\/drive.google.com\/open?id=1X19HjUfaGOzsY5wR_H5pt5-H-GILgEOi\">Costas e islas<\/a><\/strong><\/li>\n<li><strong>Tema 5: Red hidrogr\u00e1fica espa\u00f1ola, <a href=\"https:\/\/drive.google.com\/file\/d\/1tqhnAtWqvn0GJC4c-Oj8htazqb6RtVlS\/view?usp=sharing\">Recursos h\u00eddricos en Espa\u00f1a,<\/a>\u00a0 Rios de <a href=\"https:\/\/iesplazadelacruz.educacion.navarra.es\/web1\/geografiaehistoria\/2018\/10\/30\/rios-de-navarra\/\">Navarra<\/a><\/strong><\/li>\n<li><strong>Tema 6: La diversidad clim\u00e1tica de Espa\u00f1a: <a href=\"https:\/\/iesplazadelacruz.educacion.navarra.es\/web1\/geografiaehistoria\/2018\/10\/30\/los-elementos-y-factores-del-clima\/\">Factores\u00a0<\/a><a href=\"https:\/\/iesplazadelacruz.educacion.navarra.es\/web1\/geografiaehistoria\/2018\/10\/30\/los-elementos-y-factores-del-clima\/\">y elementos<\/a><\/strong><\/li>\n<li><strong><a href=\"https:\/\/iesplazadelacruz.educacion.navarra.es\/web1\/geografiaehistoria\/2018\/10\/30\/los-elementos-y-factores-del-clima\/\"> del clima,<\/a> <a href=\"https:\/\/iesplazadelacruz.educacion.navarra.es\/web1\/geografiaehistoria\/2018\/10\/30\/tipos-de-clima\/\">Tipos de climas,<\/a><\/strong><\/li>\n<li><strong>Tema 7<a href=\"https:\/\/iesplazadelacruz.educacion.navarra.es\/web1\/geografiaehistoria\/2018\/10\/30\/vegetacion-en-espana\/\">:\u00a0 <\/a>Vegetaci\u00f3n en Espa\u00f1a, <a href=\"https:\/\/iesplazadelacruz.educacion.navarra.es\/web1\/geografiaehistoria\/2018\/10\/30\/vegetacion-en-espana\/\">La vegetaci\u00f3n de clima oce\u00e1nico y mediterr\u00e1neo<\/a>, <a href=\"https:\/\/iesplazadelacruz.educacion.navarra.es\/web1\/geografiaehistoria\/2018\/10\/30\/vegetacion-en-navarra\/\">la vegetaci\u00f3n en Navarra<\/a><\/strong><\/li>\n<li><strong>Tema 8: Protecci\u00f3n del medio ambiente (s\u00f3lo vocabulario)<\/strong><\/li>\n<li><strong>Tema 9:Sector primario: <a href=\"https:\/\/drive.google.com\/open?id=17m9HqDCfJRkrIqKf7LMlv1ZUOZvivHzL\" target=\"_blank\" rel=\"noopener noreferrer\">factores f\u00edsicos y humanos condicionantes de los espacios agrarios.<\/a><\/strong><\/li>\n<li><strong>Tema 10:Los paisajes agrarios: \u00a0 \u00a0 \u00a0 \u00a0 \u00a0 \u00a0 \u00a0 \u00a0 \u00a0 \u00a0 \u00a0 \u00a0 \u00a0 \u00a0 \u00a0 \u00a0 \u00a0 \u00a0 \u00a0 \u00a0 \u00a0 \u00a0 \u00a0 \u00a0 \u00a0 \u00a0 \u00a0 \u00a0 \u00a0 \u00a0 \u00a0 \u00a0 \u00a0 \u00a0 <a href=\"https:\/\/drive.google.com\/open?id=1tPGuWxLr8jjY31sFu39ZFygKBhZoPtpS\" target=\"_blank\" rel=\"noopener noreferrer\">De la Espa\u00f1a h\u00fameda y paisaje agrario de interior. \u00a0 \u00a0 \u00a0 \u00a0 \u00a0 \u00a0 \u00a0 \u00a0 \u00a0 \u00a0 \u00a0 \u00a0 \u00a0 \u00a0 \u00a0 \u00a0 \u00a0 \u00a0 El\u00a0<\/a><a href=\"https:\/\/drive.google.com\/open?id=1LuCSwgSZia0KpIECDTZaCWV7a_j5sTzz\" target=\"_blank\" rel=\"noopener noreferrer\"> paisaje agrario mediterr\u00e1neo. El paisaje de monta\u00f1a y canario.<\/a> \u00a0 \u00a0 \u00a0 \u00a0 <a href=\"https:\/\/drive.google.com\/open?id=1CpDQmQmtWZsyeOy79xKSSNp81_8GiMId\" target=\"_blank\" rel=\"noopener noreferrer\">Los paisajes agrarios de Navarra<\/a><\/strong><\/li>\n<li><strong>Tema 11: Las fuentes de energ\u00eda: \u00a0 \u00a0 \u00a0 \u00a0 \u00a0 \u00a0 \u00a0 \u00a0 \u00a0 \u00a0 \u00a0 \u00a0 \u00a0 \u00a0 \u00a0 \u00a0 \u00a0 \u00a0 \u00a0 \u00a0 \u00a0 \u00a0 \u00a0 \u00a0 \u00a0 \u00a0 \u00a0 \u00a0 \u00a0 \u00a0 \u00a0 \u00a0 <a href=\"https:\/\/drive.google.com\/open?id=1CgH5TPbodzjwMvdO8SrsJNYCRh3ckaN5\" target=\"_blank\" rel=\"noopener noreferrer\">Energ\u00edas<\/a><a href=\"https:\/\/drive.google.com\/open?id=1CgH5TPbodzjwMvdO8SrsJNYCRh3ckaN5\" target=\"_blank\" rel=\"noopener noreferrer\"> tradici<\/a><a href=\"https:\/\/drive.google.com\/open?id=1CgH5TPbodzjwMvdO8SrsJNYCRh3ckaN5\" target=\"_blank\" rel=\"noopener noreferrer\">onales<\/a><a href=\"https:\/\/drive.google.com\/open?id=1CgH5TPbodzjwMvdO8SrsJNYCRh3ckaN5\" target=\"_blank\" rel=\"noopener noreferrer\"> y energ\u00edas renovables. \u00a0Las renovables en Navarra<\/a><\/strong><\/li>\n<li><strong>Tema 12: El proceso de industrializaci\u00f3n \u00a0 \u00a0 \u00a0 \u00a0 \u00a0 \u00a0 \u00a0 \u00a0 \u00a0 \u00a0 \u00a0 \u00a0 \u00a0 \u00a0 \u00a0 \u00a0 \u00a0 \u00a0 \u00a0 \u00a0 \u00a0 \u00a0 \u00a0 \u00a0 \u00a0 \u00a0 \u00a0 <a href=\"https:\/\/drive.google.com\/open?id=1hjJlUnjow2HzHJDi-a-gYzkJ4ZklWipz\" target=\"_blank\" rel=\"noopener noreferrer\">Crisis y reestructuraci\u00f3n industrial .La industria espa\u00f1ola en la actualidad<\/a><\/strong><\/li>\n<li><strong>Tema 13: La distribuci\u00f3n espacial de la industria en Espa\u00f1a (Mapa): \u00a0 \u00a0 \u00a0 <a href=\"https:\/\/drive.google.com\/open?id=1iLQZCiVP1sA94CtSscledGplKIFYBs9o\" target=\"_blank\" rel=\"noopener noreferrer\">\u00a0Factores y tendencias actuales de la localizaci\u00f3n industrial. \u00c1reas industriales actuales.<\/a> \u00a0 \u00a0 \u00a0 \u00a0 \u00a0 \u00a0 \u00a0 \u00a0 \u00a0 \u00a0 \u00a0 \u00a0 \u00a0 \u00a0 \u00a0 \u00a0 \u00a0 \u00a0 \u00a0 \u00a0 \u00a0 \u00a0 \u00a0 \u00a0 \u00a0 \u00a0 \u00a0 \u00a0 \u00a0 \u00a0 \u00a0 \u00a0 \u00a0 \u00a0 \u00a0 \u00a0 \u00a0 \u00a0 \u00a0 \u00a0 \u00a0 \u00a0 \u00a0La industria en Navarra: localizaci\u00f3n y caracter\u00edsticas<\/strong><\/li>\n<li><strong>Tema 14: El sector servicios.<a href=\"https:\/\/drive.google.com\/open?id=17ePu39XU0R46ug836R3iBrbjcqzvFBfk\" target=\"_blank\" rel=\"noopener noreferrer\"> El transporte en Espa\u00f1a<\/a><\/strong><\/li>\n<li><strong>Tema 15: El sector servicios. El turismo en Espa\u00f1a \u00a0 \u00a0 \u00a0 \u00a0 \u00a0 \u00a0 \u00a0 \u00a0 \u00a0 \u00a0 \u00a0 \u00a0 \u00a0 \u00a0 \u00a0 El <a href=\"https:\/\/drive.google.com\/open?id=0B5fTT3ZeW-NBZ3kwMVBwX21EWDg\" target=\"_blank\" rel=\"noopener noreferrer\">Factores, caracter\u00edsticas, tipos, \u00e1reas tur\u00edsticas, consecuencias, el turismo en Navarra<\/a> .<a href=\"https:\/\/drive.google.com\/open?id=0B5fTT3ZeW-NBdGI2WlV6UTNhRlU\" target=\"_blank\" rel=\"noopener noreferrer\">\u00a0Comentario del mapa del turismo<\/a><\/strong><\/li>\n<li><strong>Tema 16: Evoluci\u00f3n, distribuci\u00f3n y din\u00e1mica natural de la\u00a0 poblaci\u00f3n \u00a0 \u00a0 \u00a0Evoluci\u00f3n y distribuci\u00f3n de la poblaci\u00f3n espa\u00f1ola \u00a0 \u00a0 \u00a0 \u00a0 \u00a0 \u00a0 \u00a0 \u00a0 \u00a0 \u00a0 \u00a0 \u00a0 \u00a0 \u00a0 \u00a0 \u00a0 \u00a0 \u00a0Movimientos naturales: natalidad, mortalidad, crecimiento vegetativo \u00a0 \u00a0 La distribuci\u00f3n de la poblaci\u00f3n en Navarra. \u00a0 T<\/strong><\/li>\n<li><strong>Tema 17: <a href=\"https:\/\/drive.google.com\/open?id=1y5xFd0IA6-M9N8z4FrGkjL4Qk7SQr8Ai\">Movimientos espaciales de la poblaci\u00f3n espa\u00f1ola<\/a><\/strong><\/li>\n<li><strong>Tema 18: Estructura de la poblaci\u00f3n espa\u00f1ola (parte pr\u00e1ctica<\/strong><\/li>\n<li><strong>Tema 19: Las ciudades espa\u00f1olas: \u00a0 \u00a0 \u00a0 \u00a0 \u00a0 \u00a0 \u00a0 \u00a0 \u00a0 \u00a0 \u00a0 \u00a0 \u00a0 \u00a0 \u00a0 \u00a0 \u00a0 \u00a0 \u00a0 \u00a0 \u00a0 \u00a0 \u00a0 \u00a0 \u00a0 \u00a0 \u00a0 \u00a0 \u00a0 \u00a0 \u00a0 \u00a0<\/strong> <strong>\u00a0<a href=\"https:\/\/drive.google.com\/open?id=1G16ypwD5_XpF3HVr5bdHVWaip8d4gWjP\">Comentario del plano de Pamplona<\/a>. <a href=\"https:\/\/drive.google.com\/open?id=1AbDDBA-JYeYltos3_D2MnDbT4bgzbEJi\">Mapa de la jerarqu\u00eda de las ciudades espa\u00f1olas<\/a><\/strong><\/li>\n<\/ul>\n<\/li>\n<\/ul>\n<ul>\n<li style=\"list-style-type: none\"><\/li>\n<\/ul>\n","protected":false},"excerpt":{"rendered":"<p>Hoja de presentaci\u00f3n Conceptos geogr\u00e1ficos-Vocabulario Temas 1-2: Introducci\u00f3n a la asignatura Tema 3. Caracter\u00edsticas generales del relieve espa\u00f1ol y navarro: La evoluci\u00f3n geol\u00f3gica, Modelado silicio, Modelado calizo\u00a0y arcilloso Tema 4: Unidades de Relieve: La Meseta,\u00a0Los rebordes monta\u00f1osos, Depresiones exteriores, Cordilleras &hellip; <a href=\"https:\/\/iesplazadelacruz.educacion.navarra.es\/web1\/geografiaehistoria\/geografia-de-espana\/\">Sigue leyendo <span class=\"meta-nav\">&rarr;<\/span><\/a><\/p>\n","protected":false},"author":160,"featured_media":0,"parent":0,"menu_order":0,"comment_status":"closed","ping_status":"closed","template":"","meta":{"footnotes":""},"class_list":["post-465","page","type-page","status-publish","hentry"],"featured_image_src":null,"featured_image_src_square":null,"_links":{"self":[{"href":"https:\/\/iesplazadelacruz.educacion.navarra.es\/web1\/geografiaehistoria\/wp-json\/wp\/v2\/pages\/465","targetHints":{"allow":["GET"]}}],"collection":[{"href":"https:\/\/iesplazadelacruz.educacion.navarra.es\/web1\/geografiaehistoria\/wp-json\/wp\/v2\/pages"}],"about":[{"href":"https:\/\/iesplazadelacruz.educacion.navarra.es\/web1\/geografiaehistoria\/wp-json\/wp\/v2\/types\/page"}],"author":[{"embeddable":true,"href":"https:\/\/iesplazadelacruz.educacion.navarra.es\/web1\/geografiaehistoria\/wp-json\/wp\/v2\/users\/160"}],"replies":[{"embeddable":true,"href":"https:\/\/iesplazadelacruz.educacion.navarra.es\/web1\/geografiaehistoria\/wp-json\/wp\/v2\/comments?post=465"}],"version-history":[{"count":48,"href":"https:\/\/iesplazadelacruz.educacion.navarra.es\/web1\/geografiaehistoria\/wp-json\/wp\/v2\/pages\/465\/revisions"}],"predecessor-version":[{"id":850,"href":"https:\/\/iesplazadelacruz.educacion.navarra.es\/web1\/geografiaehistoria\/wp-json\/wp\/v2\/pages\/465\/revisions\/850"}],"wp:attachment":[{"href":"https:\/\/iesplazadelacruz.educacion.navarra.es\/web1\/geografiaehistoria\/wp-json\/wp\/v2\/media?parent=465"}],"curies":[{"name":"wp","href":"https:\/\/api.w.org\/{rel}","templated":true}]}}