{"id":464,"date":"2018-10-31T12:32:49","date_gmt":"2018-10-31T12:32:49","guid":{"rendered":"https:\/\/iesplazadelacruz.educacion.navarra.es\/web1\/geografiaehistoria\/?page_id=464"},"modified":"2019-10-24T11:19:39","modified_gmt":"2019-10-24T11:19:39","slug":"historia-de-espana-2o-bachillerato","status":"publish","type":"page","link":"https:\/\/iesplazadelacruz.educacion.navarra.es\/web1\/geografiaehistoria\/historia-de-espana-2o-bachillerato\/","title":{"rendered":"Historia de Espa\u00f1a.     2\u00ba Bachillerato"},"content":{"rendered":"<p><strong>Tema 0. H. Presentaci\u00f3n \/ Programa \/ Ex\u00e1menes EVaU<\/strong><\/p>\n<ul>\n<li><a href=\"https:\/\/drive.google.com\/open?id=1qhHJFbT5d25IeAgzaxHu8Ms18w0k8e8z\">Hoja de presentaci\u00f3n<\/a><\/li>\n<li><a href=\"https:\/\/drive.google.com\/open?id=1-zA7-iClP3dtE7WK0aTKTBinEMi3L8zk\">Programa 2019-20<\/a><\/li>\n<li><a href=\"https:\/\/drive.google.com\/open?id=1N7HD8s_LBh7dZ1i9vQqdsHWuJMwIWCVs\">Ex\u00e1menes EVaU<\/a>. <a href=\"https:\/\/www.unavarra.es\/estudios\/acceso-y-matricula\/grados\/pruebas-de-acceso-a-la-universidad\/selectividad?opcion=7\">Enlace a p\u00e1gina UPNA<\/a>. <a href=\"https:\/\/drive.google.com\/open?id=1l4DXVyWMjGjpoudoOom7LbHyJyzsaqtZ\">Estructura de la prueba 2018-19<\/a>.<\/li>\n<\/ul>\n<p><a href=\"https:\/\/drive.google.com\/open?id=1k1SIbi_MrV3WfzOTWxYlwA-RuM5JHcXG\"><strong>Tema 1. De la Prehistoria a los Visigodos<\/strong><\/a><\/p>\n<p><a href=\"https:\/\/drive.google.com\/open?id=1GJWabaVgCIDGazdz0sZLaa3D_ifQyA2I\"><strong>Tema 2. Edad Media<\/strong><\/a><\/p>\n<p><a href=\"https:\/\/drive.google.com\/open?id=1Ohcqa9RwY0Us-Yywc_FfItOdzrcQDnq7\"><strong>Tema 3. Edad Moderna<\/strong><\/a><\/p>\n<p><strong>T<a href=\"https:\/\/drive.google.com\/open?id=1I4KtNiWDWyLCGzb53JTSRnKSV1OMEvdz\">ema 4. Reformismo primeros Borbones<\/a><\/strong><\/p>\n<p><strong>Tema 5. La crisis del Antiguo R\u00e9gimen: Liberalismo frente absolutismo (1788- 1833). <a href=\"https:\/\/drive.google.com\/open?id=1icD2fLn8d86gJ9X1dCmXgLR7gA64XVX9\">V\u00eddeo Absolutismo y liberalismo (1814-1833)<\/a>.<\/strong><\/p>\n<p><strong>Tema 6. La conflictiva construcci\u00f3n del Estado liberal (1833-1874). <a href=\"https:\/\/drive.google.com\/open?id=1-T9cfFzyh3Oz_OYWvI8cR0hFBN8OEDQT\">V\u00eddeo<\/a>.\u00a0<\/strong><\/p>\n<p><a href=\"https:\/\/drive.google.com\/open?id=18j1FF3aJYjI_yQHSOvRPDQXn0-WCNd1G\"><strong>Tema 7. La Restauraci\u00f3n borb\u00f3nica: implantaci\u00f3n y afianzamiento de un nuevo sistema pol\u00edtico (1874-1902).<\/strong><\/a><strong><a href=\"https:\/\/drive.google.com\/open?id=14rZQW184_P5PVRdUNGyEBNXlWu-bs5c-\"> V\u00eddeo Primera Restauraci\u00f3n (1874-1902)<\/a>. <a href=\"https:\/\/drive.google.com\/open?id=1B7uMs7cDePtrG7HWe3VrNuKx3NGBirRk\">V\u00eddeo transformaciones econ\u00f3micas del s XIX<\/a>.<\/strong><\/p>\n<p><strong>Tema 8. La crisis del sistema de la Restauraci\u00f3n y la ca\u00edda de la Monarqu\u00eda (1902-1931). <a href=\"https:\/\/drive.google.com\/open?id=190nSNglg04tPat2aX3LE0hXBRue04Fl0\">V\u00eddeo crisis Restauraci\u00f3n (1902-1923)<\/a>. <a href=\"https:\/\/drive.google.com\/open?id=1hm3K8tX-LVZiSllNKSEYn8yCn_33T8KP\">Dictadura de Primo de Rivera (1923-1930)<\/a>.\u00a0<\/strong><\/p>\n<p><strong>Tema 9. La <a href=\"https:\/\/drive.google.com\/open?id=1aS4wvx27J0sPJghfzCNQG7_33mEAEya2\">Segunda Rep\u00fablica<\/a> y la Guerra Civil en un contexto de crisis internacional (1931-1939). <a href=\"https:\/\/drive.google.com\/open?id=1NWiFIw57A9XeEmyO3vEw46pFdI5pee18\">V\u00eddeo de la II Rep\u00fablica<\/a>. <a href=\"https:\/\/drive.google.com\/open?id=1dc4usciINwYkYdkj_-MJ7Y5yykOvsHUq\">V\u00eddeo de la Guerra Civil<\/a>.<\/strong><\/p>\n<p><strong>Tema 10. La dictadura franquista (1939-1975). <a href=\"https:\/\/drive.google.com\/open?id=1KtnJpbibJgdHjEXdtMGolS7rGeayAJBI\">V\u00eddeo r\u00e9gimen franquista I<\/a>. <a href=\"https:\/\/drive.google.com\/open?id=1h4C7wkDcGK3Em0shULNcSC1SL9HbU93_\">V\u00eddeo r\u00e9gimen franquista II<\/a>.<\/strong><\/p>\n<p><b>Tema 11. Normalizaci\u00f3n democr\u00e1tica de Espa\u00f1a e integraci\u00f3n en Europa (1975-1982). <a href=\"https:\/\/drive.google.com\/open?id=1EXlDbQL4lsm2vhlRDcgidtkCRFX9xwZR\">V\u00eddeo transici\u00f3n democr\u00e1tica (1975-1979)<\/a>. <a href=\"https:\/\/drive.google.com\/open?id=1hl-ibAGXIAdkkB6nycNNINZc9vW0HM81\">V\u00eddeo Espa\u00f1a democr\u00e1tica (1979-2004)<\/a>.\u00a0<\/b><\/p>\n","protected":false},"excerpt":{"rendered":"<p>Tema 0. H. Presentaci\u00f3n \/ Programa \/ Ex\u00e1menes EVaU Hoja de presentaci\u00f3n Programa 2019-20 Ex\u00e1menes EVaU. Enlace a p\u00e1gina UPNA. Estructura de la prueba 2018-19. Tema 1. De la Prehistoria a los Visigodos Tema 2. Edad Media Tema 3. Edad &hellip; <a href=\"https:\/\/iesplazadelacruz.educacion.navarra.es\/web1\/geografiaehistoria\/historia-de-espana-2o-bachillerato\/\">Sigue leyendo <span class=\"meta-nav\">&rarr;<\/span><\/a><\/p>\n","protected":false},"author":160,"featured_media":0,"parent":0,"menu_order":0,"comment_status":"closed","ping_status":"closed","template":"","meta":{"footnotes":""},"class_list":["post-464","page","type-page","status-publish","hentry"],"featured_image_src":null,"featured_image_src_square":null,"_links":{"self":[{"href":"https:\/\/iesplazadelacruz.educacion.navarra.es\/web1\/geografiaehistoria\/wp-json\/wp\/v2\/pages\/464","targetHints":{"allow":["GET"]}}],"collection":[{"href":"https:\/\/iesplazadelacruz.educacion.navarra.es\/web1\/geografiaehistoria\/wp-json\/wp\/v2\/pages"}],"about":[{"href":"https:\/\/iesplazadelacruz.educacion.navarra.es\/web1\/geografiaehistoria\/wp-json\/wp\/v2\/types\/page"}],"author":[{"embeddable":true,"href":"https:\/\/iesplazadelacruz.educacion.navarra.es\/web1\/geografiaehistoria\/wp-json\/wp\/v2\/users\/160"}],"replies":[{"embeddable":true,"href":"https:\/\/iesplazadelacruz.educacion.navarra.es\/web1\/geografiaehistoria\/wp-json\/wp\/v2\/comments?post=464"}],"version-history":[{"count":31,"href":"https:\/\/iesplazadelacruz.educacion.navarra.es\/web1\/geografiaehistoria\/wp-json\/wp\/v2\/pages\/464\/revisions"}],"predecessor-version":[{"id":876,"href":"https:\/\/iesplazadelacruz.educacion.navarra.es\/web1\/geografiaehistoria\/wp-json\/wp\/v2\/pages\/464\/revisions\/876"}],"wp:attachment":[{"href":"https:\/\/iesplazadelacruz.educacion.navarra.es\/web1\/geografiaehistoria\/wp-json\/wp\/v2\/media?parent=464"}],"curies":[{"name":"wp","href":"https:\/\/api.w.org\/{rel}","templated":true}]}}